{"id":5396,"date":"2017-04-25T07:06:17","date_gmt":"2017-04-25T07:06:17","guid":{"rendered":"http:\/\/aticometal.com\/?page_id=5396"},"modified":"2025-04-22T11:43:31","modified_gmt":"2025-04-22T09:43:31","slug":"politica-de-privacidad","status":"publish","type":"page","link":"https:\/\/aticometal.com\/?page_id=5396","title":{"rendered":"Pol\u00edtica de privacidad"},"content":{"rendered":"\t\t<div data-elementor-type=\"wp-page\" data-elementor-id=\"5396\" class=\"elementor elementor-5396\">\n\t\t\t\t<div class=\"elementor-element elementor-element-c875d57 e-con-full e-flex e-con e-parent\" data-id=\"c875d57\" data-element_type=\"container\">\n\t\t\t\t<div class=\"elementor-element elementor-element-4a11643 elementor-widget__width-inherit elementor-widget elementor-widget-html\" data-id=\"4a11643\" data-element_type=\"widget\" data-widget_type=\"html.default\">\n\t\t\t\t<div class=\"elementor-widget-container\">\n\t\t\t\t\t<!DOCTYPE html>\r\n<html lang=\"es\">\r\n<head>\r\n    <meta charset=\"UTF-8\">\r\n    <meta name=\"viewport\" content=\"width=device-width, initial-scale=1.0\">\r\n    <title>Aviso Legal - AticoMetal<\/title>\r\n    <style>\r\n        body {\r\n            font-family: 'Raleway', sans-serif;\r\n            margin: 0;\r\n            padding: 0;\r\n            background-color: #f4f4f4;\r\n        }\r\n\r\n        .legal-section {\r\n            width: 100%;\r\n            max-width: 100vw;\r\n            padding: 0;\r\n        }\r\n\r\n        .container {\r\n            width: 90%;\r\n            max-width: 1200px; \/* Evita que el contenido sea demasiado ancho *\/\r\n            margin: 0 auto;\r\n            padding: 20px;\r\n            background-color: #fff;\r\n            box-shadow: 0px 4px 10px rgba(0, 0, 0, 0.1);\r\n        }\r\n\r\n        h2 {\r\n            color: #fea61a;\r\n            text-align: center;\r\n            margin-bottom: 10px; \/* Reduce el espacio inferior *\/\r\n        }\r\n\r\n        .legal-content p {\r\n            text-align: justify;\r\n            font-size: 15px; \/* Reduce ligeramente el tama\u00f1o *\/\r\n            line-height: 1.4; \/* Reduce el espacio entre l\u00edneas *\/\r\n            margin-bottom: 10px; \/* Reduce el espacio entre p\u00e1rrafos *\/\r\n        }\r\n\r\n        .dropcap {\r\n            font-size: 20px;\r\n            font-weight: bold;\r\n            color: #ffffff;\r\n            background-color: #fea61a;\r\n            padding: 5px 10px;\r\n            border-radius: 50%;\r\n            margin-right: 8px;\r\n            display: inline-block;\r\n        }\r\n\r\n        a {\r\n            color: #fea61a;\r\n            text-decoration: none;\r\n        }\r\n\r\n        a:hover {\r\n            text-decoration: underline;\r\n        }\r\n    <\/style>\r\n<\/head>\r\n<body>\r\n\r\n<section class=\"legal-section\">\r\n    <div class=\"container\">\r\n        <div class=\"legal-content\">\r\n            <h2>Aviso Legal<\/h2>\r\n            \r\n            <p><span class=\"dropcap\">1<\/span> La utilizaci\u00f3n de nuestra Web le atribuye la condici\u00f3n de usuario y supone la aceptaci\u00f3n plena y sin reservas por el Usuario de todas y cada una de las Condiciones Generales en la versi\u00f3n publicada por la entidad \u00c1TICO METAL, S.L., as\u00ed como de nuestra pol\u00edtica de privacidad y tratamiento de datos personales.<\/p>\r\n            \r\n            <p><span class=\"dropcap\">2<\/span> El acceso a esta web es totalmente gratuito. El usuario que acceda a ella se obliga a hacer un uso correcto de la misma, conforme a la legislaci\u00f3n vigente y este aviso legal, respondiendo frente a la entidad \u00c1TICO METAL, S.L., o terceros, de cualquier da\u00f1o o perjuicio que pueda causar por incumplimiento de esta obligaci\u00f3n.<\/p>\r\n            \r\n            <p>Esta web ha sido elaborada con informaci\u00f3n procedente de fuentes internas y externas, sin garantizar la veracidad, exhaustividad o actualidad de la informaci\u00f3n que contiene. \u00c1TICO METAL, S.L. declina cualquier tipo de responsabilidad por los da\u00f1os y perjuicios que puedan causarse por el uso de los servicios aqu\u00ed contenidos.<\/p>\r\n            \r\n            <p><span class=\"dropcap\">3<\/span> El USUARIO reconoce y acepta que todos los derechos de Propiedad Intelectual o Industrial sobre los contenidos insertados en la web pertenecen a \u00c1TICO METAL, S.L., as\u00ed como el dise\u00f1o gr\u00e1fico y los c\u00f3digos fuentes.<\/p>\r\n            \r\n            <p>Queda prohibida la reproducci\u00f3n, transformaci\u00f3n, distribuci\u00f3n, comunicaci\u00f3n p\u00fablica, puesta a disposici\u00f3n y cualquier otra forma de explotaci\u00f3n sin autorizaci\u00f3n expresa del titular.<\/p>\r\n            \r\n            <p><span class=\"dropcap\">4<\/span> Los datos recabados a trav\u00e9s de formularios en la p\u00e1gina web formar\u00e1n parte de un fichero propiedad de \u00c1TICO METAL, S.L. con domicilio en M\u00e1laga, calle Estonia, n\u00ba 19, cuya finalidad ser\u00e1 la detallada en cada formulario.<\/p>\r\n\r\n            <p><span class=\"dropcap\">5<\/span> La entidad \u00c1TICO METAL, S.L. no ceder\u00e1 los datos del usuario a terceros sin su consentimiento, salvo en los supuestos permitidos en la legislaci\u00f3n de protecci\u00f3n de datos LOPD 15\/1999.<\/p>\r\n\r\n            <p>El usuario puede ejercer sus derechos de acceso, rectificaci\u00f3n, cancelaci\u00f3n y oposici\u00f3n enviando un escrito con copia de su DNI a: C\/ Manuela Garc\u00eda Garc\u00eda local 1 B, V\u00e9lez-M\u00e1laga (M\u00e1laga).<\/p>\r\n            \r\n            <p><span class=\"dropcap\">6<\/span> \u00c1TICO METAL, S.L. no garantiza la disponibilidad y continuidad del funcionamiento del sitio web ni la ausencia de virus u otros elementos que puedan afectar al sistema del usuario.<\/p>\r\n            \r\n            <p><span class=\"dropcap\">7<\/span> Para garantizar la seguridad y confidencialidad de sus datos, se han adoptado medidas de protecci\u00f3n y medios t\u00e9cnicos para evitar la p\u00e9rdida, mal uso, alteraci\u00f3n, acceso no autorizado y robo de los datos facilitados en <a href=\"http:\/\/www.aticometal.com\/\">www.aticometal.com<\/a>.<\/p>\r\n\r\n            <p><span class=\"dropcap\">8<\/span> De conformidad con la Ley 34\/2002, si no desea recibir comunicaciones comerciales electr\u00f3nicas en el futuro, puede manifestarlo enviando un email a: aticometal@aticometal.com.<\/p>\r\n\r\n        <\/div>\r\n    <\/div>\r\n<\/section>\r\n\r\n<\/body>\r\n<\/html>\r\n\t\t\t\t<\/div>\n\t\t\t\t<\/div>\n\t\t\t\t<\/div>\n\t\t\t\t<\/div>\n\t\t","protected":false},"excerpt":{"rendered":"<p>Aviso Legal &#8211; AticoMetal Aviso Legal 1 La utilizaci\u00f3n de nuestra Web le atribuye la condici\u00f3n de usuario y supone [&hellip;]<\/p>\n","protected":false},"author":2,"featured_media":0,"parent":0,"menu_order":0,"comment_status":"closed","ping_status":"closed","template":"","meta":{"site-sidebar-layout":"default","site-content-layout":"","ast-site-content-layout":"","site-content-style":"default","site-sidebar-style":"default","ast-global-header-display":"","ast-banner-title-visibility":"","ast-main-header-display":"","ast-hfb-above-header-display":"","ast-hfb-below-header-display":"","ast-hfb-mobile-header-display":"","site-post-title":"","ast-breadcrumbs-content":"","ast-featured-img":"","footer-sml-layout":"","theme-transparent-header-meta":"","adv-header-id-meta":"","stick-header-meta":"","header-above-stick-meta":"","header-main-stick-meta":"","header-below-stick-meta":"","astra-migrate-meta-layouts":"default","ast-page-background-enabled":"default","ast-page-background-meta":{"desktop":{"background-color":"var(--ast-global-color-5)","background-image":"","background-repeat":"repeat","background-position":"center center","background-size":"auto","background-attachment":"scroll","background-type":"","background-media":"","overlay-type":"","overlay-color":"","overlay-opacity":"","overlay-gradient":""},"tablet":{"background-color":"","background-image":"","background-repeat":"repeat","background-position":"center center","background-size":"auto","background-attachment":"scroll","background-type":"","background-media":"","overlay-type":"","overlay-color":"","overlay-opacity":"","overlay-gradient":""},"mobile":{"background-color":"","background-image":"","background-repeat":"repeat","background-position":"center center","background-size":"auto","background-attachment":"scroll","background-type":"","background-media":"","overlay-type":"","overlay-color":"","overlay-opacity":"","overlay-gradient":""}},"ast-content-background-meta":{"desktop":{"background-color":"var(--ast-global-color-4)","background-image":"","background-repeat":"repeat","background-position":"center center","background-size":"auto","background-attachment":"scroll","background-type":"","background-media":"","overlay-type":"","overlay-color":"","overlay-opacity":"","overlay-gradient":""},"tablet":{"background-color":"var(--ast-global-color-4)","background-image":"","background-repeat":"repeat","background-position":"center center","background-size":"auto","background-attachment":"scroll","background-type":"","background-media":"","overlay-type":"","overlay-color":"","overlay-opacity":"","overlay-gradient":""},"mobile":{"background-color":"var(--ast-global-color-4)","background-image":"","background-repeat":"repeat","background-position":"center center","background-size":"auto","background-attachment":"scroll","background-type":"","background-media":"","overlay-type":"","overlay-color":"","overlay-opacity":"","overlay-gradient":""}},"footnotes":""},"class_list":["post-5396","page","type-page","status-publish","hentry"],"aioseo_notices":[],"_links":{"self":[{"href":"https:\/\/aticometal.com\/index.php?rest_route=\/wp\/v2\/pages\/5396","targetHints":{"allow":["GET"]}}],"collection":[{"href":"https:\/\/aticometal.com\/index.php?rest_route=\/wp\/v2\/pages"}],"about":[{"href":"https:\/\/aticometal.com\/index.php?rest_route=\/wp\/v2\/types\/page"}],"author":[{"embeddable":true,"href":"https:\/\/aticometal.com\/index.php?rest_route=\/wp\/v2\/users\/2"}],"replies":[{"embeddable":true,"href":"https:\/\/aticometal.com\/index.php?rest_route=%2Fwp%2Fv2%2Fcomments&post=5396"}],"version-history":[{"count":3,"href":"https:\/\/aticometal.com\/index.php?rest_route=\/wp\/v2\/pages\/5396\/revisions"}],"predecessor-version":[{"id":6933,"href":"https:\/\/aticometal.com\/index.php?rest_route=\/wp\/v2\/pages\/5396\/revisions\/6933"}],"wp:attachment":[{"href":"https:\/\/aticometal.com\/index.php?rest_route=%2Fwp%2Fv2%2Fmedia&parent=5396"}],"curies":[{"name":"wp","href":"https:\/\/api.w.org\/{rel}","templated":true}]}}