{"id":5445,"date":"2017-04-25T09:26:09","date_gmt":"2017-04-25T09:26:09","guid":{"rendered":"http:\/\/aticometal.com\/?page_id=5445"},"modified":"2025-04-11T12:43:35","modified_gmt":"2025-04-11T10:43:35","slug":"conocenos","status":"publish","type":"page","link":"https:\/\/aticometal.com\/?page_id=5445","title":{"rendered":"Con\u00f3cenos"},"content":{"rendered":"\t\t<div data-elementor-type=\"wp-page\" data-elementor-id=\"5445\" class=\"elementor elementor-5445\">\n\t\t\t\t<div class=\"elementor-element elementor-element-39f702bd e-flex e-con-boxed e-con e-parent\" data-id=\"39f702bd\" data-element_type=\"container\">\n\t\t\t\t\t<div class=\"e-con-inner\">\n\t\t<div class=\"elementor-element elementor-element-539a71c e-con-full e-flex e-con e-child\" data-id=\"539a71c\" data-element_type=\"container\">\n\t\t\t\t<div class=\"elementor-element elementor-element-d2fe69a elementor-widget elementor-widget-text-editor\" data-id=\"d2fe69a\" data-element_type=\"widget\" data-widget_type=\"text-editor.default\">\n\t\t\t\t<div class=\"elementor-widget-container\">\n\t\t\t\t\t\t\t\t\t<h1 style=\"text-align: center;\">Descubre por qu\u00e9 nuestros clientes conf\u00edan en nosotros<\/h1><p class=\"text-content\" style=\"text-align: center;\">Somos un gran equipo de profesionales dispuestos a atender cualquiera que sea su demanda, por compleja que sea.<\/p>\t\t\t\t\t\t\t\t<\/div>\n\t\t\t\t<\/div>\n\t\t\t\t<\/div>\n\t\t<div class=\"elementor-element elementor-element-4e7d0e4 e-grid e-con-full e-con e-child\" data-id=\"4e7d0e4\" data-element_type=\"container\">\n\t\t\t\t<div class=\"elementor-element elementor-element-5da3dec elementor-widget elementor-widget-image\" data-id=\"5da3dec\" data-element_type=\"widget\" data-widget_type=\"image.default\">\n\t\t\t\t<div class=\"elementor-widget-container\">\n\t\t\t\t\t\t\t\t\t\t\t\t\t\t\t<img fetchpriority=\"high\" decoding=\"async\" width=\"600\" height=\"450\" src=\"https:\/\/aticoweb.live-website.com\/wp-content\/uploads\/2025\/04\/conocenos-3-600x450-1.jpg\" class=\"attachment-large size-large wp-image-6827\" alt=\"\" srcset=\"https:\/\/aticoweb.live-website.com\/wp-content\/uploads\/2025\/04\/conocenos-3-600x450-1.jpg 600w, https:\/\/aticoweb.live-website.com\/wp-content\/uploads\/2025\/04\/conocenos-3-600x450-1-300x225.jpg 300w\" sizes=\"(max-width: 600px) 100vw, 600px\" \/>\t\t\t\t\t\t\t\t\t\t\t\t\t\t\t<\/div>\n\t\t\t\t<\/div>\n\t\t\t\t<div class=\"elementor-element elementor-element-ceb2350 elementor-widget elementor-widget-image\" data-id=\"ceb2350\" data-element_type=\"widget\" data-widget_type=\"image.default\">\n\t\t\t\t<div class=\"elementor-widget-container\">\n\t\t\t\t\t\t\t\t\t\t\t\t\t\t\t<img decoding=\"async\" width=\"600\" height=\"450\" src=\"https:\/\/aticoweb.live-website.com\/wp-content\/uploads\/2025\/04\/conocenos-2-600x450-1.jpg\" class=\"attachment-large size-large wp-image-6825\" alt=\"\" srcset=\"https:\/\/aticoweb.live-website.com\/wp-content\/uploads\/2025\/04\/conocenos-2-600x450-1.jpg 600w, https:\/\/aticoweb.live-website.com\/wp-content\/uploads\/2025\/04\/conocenos-2-600x450-1-300x225.jpg 300w\" sizes=\"(max-width: 600px) 100vw, 600px\" \/>\t\t\t\t\t\t\t\t\t\t\t\t\t\t\t<\/div>\n\t\t\t\t<\/div>\n\t\t\t\t<\/div>\n\t\t<div class=\"elementor-element elementor-element-59832b7 e-grid e-con-full e-con e-child\" data-id=\"59832b7\" data-element_type=\"container\">\n\t\t\t\t<div class=\"elementor-element elementor-element-0c0b8a5 elementor-widget__width-inherit elementor-widget elementor-widget-text-editor\" data-id=\"0c0b8a5\" data-element_type=\"widget\" data-widget_type=\"text-editor.default\">\n\t\t\t\t<div class=\"elementor-widget-container\">\n\t\t\t\t\t\t\t\t\t<h3 class=\"elementor-image-box-title elementor-inline-editing pen\" style=\"text-align: center;\" contenteditable=\"true\" data-elementor-setting-key=\"title_text\" data-elementor-inline-editing-toolbar=\"none\" data-pen-placeholder=\"Teclea aqu\u00ed...\">\u00daltima tecnolog\u00eda<\/h3><p style=\"text-align: center;\"><strong>Nuestros talleres est\u00e1n equipados con maquinaria y herramientas de alta tecnolog\u00eda y \u00faltima generaci\u00f3n, consiguiendo en nuestros trabajos un acabado impecable y una precisi\u00f3n absoluta.<\/strong><\/p>\t\t\t\t\t\t\t\t<\/div>\n\t\t\t\t<\/div>\n\t\t\t\t<div class=\"elementor-element elementor-element-85c998a elementor-widget elementor-widget-text-editor\" data-id=\"85c998a\" data-element_type=\"widget\" data-widget_type=\"text-editor.default\">\n\t\t\t\t<div class=\"elementor-widget-container\">\n\t\t\t\t\t\t\t\t\t<h3 class=\"elementor-image-box-title elementor-inline-editing pen\" style=\"text-align: center;\" contenteditable=\"true\" data-elementor-setting-key=\"title_text\" data-elementor-inline-editing-toolbar=\"none\" data-pen-placeholder=\"Teclea aqu\u00ed...\">Materiales auxiliares<\/h3><p style=\"text-align: center;\"><strong><span style=\"text-align: center; white-space-collapse: preserve;\">En la amplia gama de materiales que trabajamos encontrar\u00e1 la soluci\u00f3n adecuada a sus necesidades. Adem\u00e1s, complementamos nuestros trabajos con los materiales auxiliares necesarios, como cristal, madera, etc<\/span><\/strong><\/p>\t\t\t\t\t\t\t\t<\/div>\n\t\t\t\t<\/div>\n\t\t\t\t<\/div>\n\t\t\t\t\t<\/div>\n\t\t\t\t<\/div>\n\t\t<div class=\"elementor-element elementor-element-a369b3e e-flex e-con-boxed e-con e-parent\" data-id=\"a369b3e\" data-element_type=\"container\">\n\t\t\t\t\t<div class=\"e-con-inner\">\n\t\t<div class=\"elementor-element elementor-element-cbd3f9e e-con-full e-flex e-con e-child\" data-id=\"cbd3f9e\" data-element_type=\"container\" data-settings=\"{&quot;background_background&quot;:&quot;classic&quot;}\">\n\t\t\t\t<div class=\"elementor-element elementor-element-a2d5bb3 elementor-widget elementor-widget-text-editor\" data-id=\"a2d5bb3\" data-element_type=\"widget\" data-widget_type=\"text-editor.default\">\n\t\t\t\t<div class=\"elementor-widget-container\">\n\t\t\t\t\t\t\t\t\t<h3 style=\"text-align: center;\"><span style=\"font-style: inherit; font-weight: inherit;\">\u00a0Nuestros valores<\/span><\/h3><h4 style=\"text-align: center;\"><em>Garant\u00eda de calidad de nuestros productos<\/em><\/h4><p style=\"text-align: center;\"><strong><em>Creemos en la importancia de trabajar siguiendo unas pautas y valores para garantizar \u00f3ptimos resultados. Por ello, trabajamos cada d\u00eda para mejorar y optimizar todos los procesos que intervienen en el desarrollo de cada producto. Elegimos a conciencia a nuestros proveedores con el objetivo de que est\u00e9n a la altura de nuestras exigencias de calidad.<\/em><\/strong><\/p>\t\t\t\t\t\t\t\t<\/div>\n\t\t\t\t<\/div>\n\t\t\t\t<div class=\"elementor-element elementor-element-2b34058 elementor-widget elementor-widget-progress\" data-id=\"2b34058\" data-element_type=\"widget\" data-widget_type=\"progress.default\">\n\t\t\t\t<div class=\"elementor-widget-container\">\n\t\t\t\t\t\n\t\t<div class=\"elementor-progress-wrapper\" role=\"progressbar\" aria-valuemin=\"0\" aria-valuemax=\"100\" aria-valuenow=\"100\" aria-valuetext=\"100% (Calidad en los procesos)\">\n\t\t\t<div class=\"elementor-progress-bar\" data-max=\"100\">\n\t\t\t\t<span class=\"elementor-progress-text\">Calidad en los procesos<\/span>\n\t\t\t\t\t\t\t\t\t<span class=\"elementor-progress-percentage\">100%<\/span>\n\t\t\t\t\t\t\t<\/div>\n\t\t<\/div>\n\t\t\t\t\t\t<\/div>\n\t\t\t\t<\/div>\n\t\t\t\t<div class=\"elementor-element elementor-element-5cc5794 elementor-widget elementor-widget-progress\" data-id=\"5cc5794\" data-element_type=\"widget\" data-widget_type=\"progress.default\">\n\t\t\t\t<div class=\"elementor-widget-container\">\n\t\t\t\t\t\n\t\t<div class=\"elementor-progress-wrapper\" role=\"progressbar\" aria-valuemin=\"0\" aria-valuemax=\"100\" aria-valuenow=\"100\" aria-valuetext=\"100% (Materiales de primera)\">\n\t\t\t<div class=\"elementor-progress-bar\" data-max=\"100\">\n\t\t\t\t<span class=\"elementor-progress-text\">Materiales de primera<\/span>\n\t\t\t\t\t\t\t\t\t<span class=\"elementor-progress-percentage\">100%<\/span>\n\t\t\t\t\t\t\t<\/div>\n\t\t<\/div>\n\t\t\t\t\t\t<\/div>\n\t\t\t\t<\/div>\n\t\t\t\t<div class=\"elementor-element elementor-element-1c97d18 elementor-widget elementor-widget-progress\" data-id=\"1c97d18\" data-element_type=\"widget\" data-widget_type=\"progress.default\">\n\t\t\t\t<div class=\"elementor-widget-container\">\n\t\t\t\t\t\n\t\t<div class=\"elementor-progress-wrapper\" role=\"progressbar\" aria-valuemin=\"0\" aria-valuemax=\"100\" aria-valuenow=\"100\" aria-valuetext=\"100% (Equipo t\u00e9cnico cualificado:)\">\n\t\t\t<div class=\"elementor-progress-bar\" data-max=\"100\">\n\t\t\t\t<span class=\"elementor-progress-text\">Equipo t\u00e9cnico cualificado:<\/span>\n\t\t\t\t\t\t\t\t\t<span class=\"elementor-progress-percentage\">100%<\/span>\n\t\t\t\t\t\t\t<\/div>\n\t\t<\/div>\n\t\t\t\t\t\t<\/div>\n\t\t\t\t<\/div>\n\t\t\t\t<\/div>\n\t\t\t\t\t<\/div>\n\t\t\t\t<\/div>\n\t\t<div class=\"elementor-element elementor-element-994e53a e-flex e-con-boxed e-con e-parent\" data-id=\"994e53a\" data-element_type=\"container\">\n\t\t\t\t\t<div class=\"e-con-inner\">\n\t\t\t\t<div class=\"elementor-element elementor-element-5e26665 elementor-widget elementor-widget-spacer\" data-id=\"5e26665\" data-element_type=\"widget\" data-widget_type=\"spacer.default\">\n\t\t\t\t<div class=\"elementor-widget-container\">\n\t\t\t\t\t\t\t<div class=\"elementor-spacer\">\n\t\t\t<div class=\"elementor-spacer-inner\"><\/div>\n\t\t<\/div>\n\t\t\t\t\t\t<\/div>\n\t\t\t\t<\/div>\n\t\t\t\t<div class=\"elementor-element elementor-element-647e2c9 elementor-widget elementor-widget-text-editor\" data-id=\"647e2c9\" data-element_type=\"widget\" data-widget_type=\"text-editor.default\">\n\t\t\t\t<div class=\"elementor-widget-container\">\n\t\t\t\t\t\t\t\t\t<h3 style=\"text-align: center;\"><em>Nuestras instalaciones<\/em><\/h3><p style=\"text-align: center;\"><strong><em>Os presentamos el espacio en el que desarrollamos nuestro trabajo.<\/em><\/strong><\/p>\t\t\t\t\t\t\t\t<\/div>\n\t\t\t\t<\/div>\n\t\t\t\t\t<\/div>\n\t\t\t\t<\/div>\n\t\t<div class=\"elementor-element elementor-element-fb76ee8 e-grid e-con-full e-con e-parent\" data-id=\"fb76ee8\" data-element_type=\"container\">\n\t\t\t\t<div class=\"elementor-element elementor-element-4c69a39 elementor-widget elementor-widget-image\" data-id=\"4c69a39\" data-element_type=\"widget\" data-widget_type=\"image.default\">\n\t\t\t\t<div class=\"elementor-widget-container\">\n\t\t\t\t\t\t\t\t\t\t\t\t\t\t\t<img decoding=\"async\" width=\"474\" height=\"205\" src=\"https:\/\/aticoweb.live-website.com\/wp-content\/uploads\/2025\/04\/OIP.jpg\" class=\"attachment-full size-full wp-image-6822\" alt=\"\" srcset=\"https:\/\/aticoweb.live-website.com\/wp-content\/uploads\/2025\/04\/OIP.jpg 474w, https:\/\/aticoweb.live-website.com\/wp-content\/uploads\/2025\/04\/OIP-300x130.jpg 300w\" sizes=\"(max-width: 474px) 100vw, 474px\" \/>\t\t\t\t\t\t\t\t\t\t\t\t\t\t\t<\/div>\n\t\t\t\t<\/div>\n\t\t\t\t<div class=\"elementor-element elementor-element-e87621f elementor-widget elementor-widget-image\" data-id=\"e87621f\" data-element_type=\"widget\" data-widget_type=\"image.default\">\n\t\t\t\t<div class=\"elementor-widget-container\">\n\t\t\t\t\t\t\t\t\t\t\t\t\t\t\t<img loading=\"lazy\" decoding=\"async\" width=\"474\" height=\"205\" src=\"https:\/\/aticoweb.live-website.com\/wp-content\/uploads\/2025\/04\/OIP-1.jpg\" class=\"attachment-large size-large wp-image-6821\" alt=\"\" srcset=\"https:\/\/aticoweb.live-website.com\/wp-content\/uploads\/2025\/04\/OIP-1.jpg 474w, https:\/\/aticoweb.live-website.com\/wp-content\/uploads\/2025\/04\/OIP-1-300x130.jpg 300w\" sizes=\"(max-width: 474px) 100vw, 474px\" \/>\t\t\t\t\t\t\t\t\t\t\t\t\t\t\t<\/div>\n\t\t\t\t<\/div>\n\t\t\t\t<div class=\"elementor-element elementor-element-5058e99 elementor-widget elementor-widget-image\" data-id=\"5058e99\" data-element_type=\"widget\" data-widget_type=\"image.default\">\n\t\t\t\t<div class=\"elementor-widget-container\">\n\t\t\t\t\t\t\t\t\t\t\t\t\t\t\t<img decoding=\"async\" src=\"https:\/\/aticoweb.live-website.com\/wp-content\/uploads\/elementor\/thumbs\/slide-2-500x661-1-r4s2lr0kzevq4y4plz3x9pfo5a4wtguoxt655wua2q.jpg\" title=\"slide-2-500&#215;661\" alt=\"slide-2-500x661\" loading=\"lazy\" \/>\t\t\t\t\t\t\t\t\t\t\t\t\t\t\t<\/div>\n\t\t\t\t<\/div>\n\t\t\t\t<\/div>\n\t\t\t\t<\/div>\n\t\t","protected":false},"excerpt":{"rendered":"<p>Descubre por qu\u00e9 nuestros clientes conf\u00edan en nosotros Somos un gran equipo de profesionales dispuestos a atender cualquiera que sea [&hellip;]<\/p>\n","protected":false},"author":2,"featured_media":0,"parent":0,"menu_order":0,"comment_status":"closed","ping_status":"closed","template":"elementor_header_footer","meta":{"site-sidebar-layout":"default","site-content-layout":"","ast-site-content-layout":"","site-content-style":"default","site-sidebar-style":"default","ast-global-header-display":"","ast-banner-title-visibility":"","ast-main-header-display":"","ast-hfb-above-header-display":"","ast-hfb-below-header-display":"","ast-hfb-mobile-header-display":"","site-post-title":"","ast-breadcrumbs-content":"","ast-featured-img":"","footer-sml-layout":"","theme-transparent-header-meta":"","adv-header-id-meta":"","stick-header-meta":"","header-above-stick-meta":"","header-main-stick-meta":"","header-below-stick-meta":"","astra-migrate-meta-layouts":"default","ast-page-background-enabled":"default","ast-page-background-meta":{"desktop":{"background-color":"var(--ast-global-color-5)","background-image":"","background-repeat":"repeat","background-position":"center center","background-size":"auto","background-attachment":"scroll","background-type":"","background-media":"","overlay-type":"","overlay-color":"","overlay-opacity":"","overlay-gradient":""},"tablet":{"background-color":"","background-image":"","background-repeat":"repeat","background-position":"center center","background-size":"auto","background-attachment":"scroll","background-type":"","background-media":"","overlay-type":"","overlay-color":"","overlay-opacity":"","overlay-gradient":""},"mobile":{"background-color":"","background-image":"","background-repeat":"repeat","background-position":"center center","background-size":"auto","background-attachment":"scroll","background-type":"","background-media":"","overlay-type":"","overlay-color":"","overlay-opacity":"","overlay-gradient":""}},"ast-content-background-meta":{"desktop":{"background-color":"var(--ast-global-color-4)","background-image":"","background-repeat":"repeat","background-position":"center center","background-size":"auto","background-attachment":"scroll","background-type":"","background-media":"","overlay-type":"","overlay-color":"","overlay-opacity":"","overlay-gradient":""},"tablet":{"background-color":"var(--ast-global-color-4)","background-image":"","background-repeat":"repeat","background-position":"center center","background-size":"auto","background-attachment":"scroll","background-type":"","background-media":"","overlay-type":"","overlay-color":"","overlay-opacity":"","overlay-gradient":""},"mobile":{"background-color":"var(--ast-global-color-4)","background-image":"","background-repeat":"repeat","background-position":"center center","background-size":"auto","background-attachment":"scroll","background-type":"","background-media":"","overlay-type":"","overlay-color":"","overlay-opacity":"","overlay-gradient":""}},"footnotes":""},"class_list":["post-5445","page","type-page","status-publish","hentry"],"aioseo_notices":[],"_links":{"self":[{"href":"https:\/\/aticometal.com\/index.php?rest_route=\/wp\/v2\/pages\/5445","targetHints":{"allow":["GET"]}}],"collection":[{"href":"https:\/\/aticometal.com\/index.php?rest_route=\/wp\/v2\/pages"}],"about":[{"href":"https:\/\/aticometal.com\/index.php?rest_route=\/wp\/v2\/types\/page"}],"author":[{"embeddable":true,"href":"https:\/\/aticometal.com\/index.php?rest_route=\/wp\/v2\/users\/2"}],"replies":[{"embeddable":true,"href":"https:\/\/aticometal.com\/index.php?rest_route=%2Fwp%2Fv2%2Fcomments&post=5445"}],"version-history":[{"count":3,"href":"https:\/\/aticometal.com\/index.php?rest_route=\/wp\/v2\/pages\/5445\/revisions"}],"predecessor-version":[{"id":6830,"href":"https:\/\/aticometal.com\/index.php?rest_route=\/wp\/v2\/pages\/5445\/revisions\/6830"}],"wp:attachment":[{"href":"https:\/\/aticometal.com\/index.php?rest_route=%2Fwp%2Fv2%2Fmedia&parent=5445"}],"curies":[{"name":"wp","href":"https:\/\/api.w.org\/{rel}","templated":true}]}}