{"id":5754,"date":"2017-04-26T15:57:24","date_gmt":"2017-04-26T15:57:24","guid":{"rendered":"http:\/\/aticometal.com\/?page_id=5754"},"modified":"2025-04-10T17:25:31","modified_gmt":"2025-04-10T15:25:31","slug":"mesas","status":"publish","type":"page","link":"https:\/\/aticometal.com\/?page_id=5754","title":{"rendered":"Mesas"},"content":{"rendered":"\t\t<div data-elementor-type=\"wp-page\" data-elementor-id=\"5754\" class=\"elementor elementor-5754\">\n\t\t\t\t<div class=\"elementor-element elementor-element-20a3021 e-flex e-con-boxed e-con e-parent\" data-id=\"20a3021\" data-element_type=\"container\">\n\t\t\t\t\t<div class=\"e-con-inner\">\n\t\t\t\t<div class=\"elementor-element elementor-element-77dc432 elementor-widget elementor-widget-html\" data-id=\"77dc432\" data-element_type=\"widget\" data-widget_type=\"html.default\">\n\t\t\t\t<div class=\"elementor-widget-container\">\n\t\t\t\t\t<!DOCTYPE html>\r\n<html lang=\"es\">\r\n\r\n<head>\r\n    <meta charset=\"UTF-8\">\r\n    <meta name=\"viewport\" content=\"width=device-width, initial-scale=1.0\">\r\n    <title>Decoraci\u00f3n - Mesas<\/title>\r\n    <style>\r\n        \/* Estilos combinados *\/\r\n    \r\n        body {\r\n            margin: 0;\r\n            font-family: Arial, sans-serif;\r\n            background-color: #f5f5f5;\r\n            color: #222;\r\n        }\r\n    \r\n        \/* Cabecera *\/\r\n        .header {\r\n            position: relative;\r\n            text-align: center;\r\n            color: #ffffff;\r\n        }\r\n    \r\n        .header img {\r\n            width: 100%;\r\n            height: 400px;\r\n            object-fit: cover;\r\n        }\r\n    \r\n        .header .overlay {\r\n            position: absolute;\r\n            top: 0;\r\n            left: 0;\r\n            width: 100%;\r\n            height: 100%;\r\n            background: linear-gradient(to bottom, rgba(34, 34, 34, 0.5), rgba(34, 34, 34, 1));\r\n        }\r\n    \r\n        .header .title {\r\n            position: absolute;\r\n            top: 50%;\r\n            left: 50%;\r\n            transform: translate(-50%, -50%);\r\n            z-index: 2;\r\n            text-align: center;\r\n        }\r\n    \r\n        .header .title h1 {\r\n            font-size: 2.5rem;\r\n            color: #fcb900;\r\n            margin: 0;\r\n        }\r\n    \r\n        .header .title p {\r\n            font-size: 1.2rem;\r\n            margin-top: 10px;\r\n        }\r\n    \r\n        \/* Contenedor informativo *\/\r\n        .info-container {\r\n            max-width: 1200px;\r\n            margin: 0 auto;\r\n            padding: 2% 20px;\r\n            background-color: #f5f5f5; \/* Fondo suave *\/\r\n            text-align: center;\r\n            color: #222; \/* Color del texto *\/\r\n        }\r\n    \r\n        .info-container h2 {\r\n            font-size: 2rem;\r\n            color: #222;\r\n            margin-bottom: 20px;\r\n        }\r\n    \r\n        .info-container h3 {\r\n            font-size: 1.5rem;\r\n            color: #fcb900; \/* Color destacado *\/\r\n            margin-bottom: 40px;\r\n        }\r\n    \r\n        .info-container p {\r\n            font-size: 1rem;\r\n            line-height: 1.8;\r\n            color: #666; \/* Texto secundario *\/\r\n            text-align: justify;\r\n            margin-bottom: 20px;\r\n        }\r\n    \r\n        \/* Contenedor de pesta\u00f1as *\/\r\n        .tabs {\r\n            max-width: 1200px;\r\n            margin: 40px auto;\r\n            padding: 0 20px;\r\n        }\r\n    \r\n        .tab-buttons {\r\n            display: flex;\r\n            justify-content: center;\r\n            margin-bottom: 20px;\r\n        }\r\n    \r\n        .tab-buttons button {\r\n            padding: 10px 20px;\r\n            margin: 0 5px;\r\n            font-size: 1rem;\r\n            color: #222;\r\n            background-color: #fff;\r\n            border: 1px solid #ccc;\r\n            border-radius: 5px;\r\n            cursor: pointer;\r\n            transition: background-color 0.3s, color 0.3s;\r\n        }\r\n    \r\n        .tab-buttons button.active {\r\n            background-color: #fcb900;\r\n            color: #fff;\r\n            border-color: #fcb900;\r\n        }\r\n    \r\n        .tab-buttons button:hover {\r\n            background-color: #fcb900;\r\n            color: #fff;\r\n        }\r\n    \r\n        \/* Contenido de las pesta\u00f1as *\/\r\n        .tab-content {\r\n            display: none;\r\n        }\r\n    \r\n        .tab-content.active {\r\n            display: grid;\r\n            grid-template-columns: repeat(2, 1fr);\r\n            gap: 20px;\r\n        }\r\n    \r\n        .tab-content img {\r\n            width: 100%;\r\n            border-radius: 15px;\r\n            box-shadow: 0 4px 8px rgba(0, 0, 0, 0.2);\r\n            transition: transform 0.3s ease;\r\n        }\r\n    \r\n        .tab-content img:hover {\r\n            transform: scale(1.05);\r\n        }\r\n    <\/style>\r\n<\/head>\r\n\r\n<body>\r\n    <!-- Cabecera -->\r\n    <div class=\"header\">\r\n        <img decoding=\"async\" src=\"https:\/\/aticoweb.live-website.com\/wp-content\/uploads\/2025\/04\/mesa-centro-beijing.jpg\" alt=\"Cabecera Mesas\">\r\n        <div class=\"overlay\"><\/div>\r\n        <div class=\"title\">\r\n            <h1>Mesas<\/h1>\r\n            <p>Mesas de comedor, auxiliares, de centro, escritorios y consolas<\/p>\r\n        <\/div>\r\n    <\/div>\r\n\r\n\r\n<!-- Contenedor informativo -->\r\n<div class=\"info-container\">\r\n    <h2>Dise\u00f1os modernos y funcionales<\/h2>\r\n    <h3>Precios que no te esperas<\/h3>\r\n    <p>\r\n        Descubre nuestra incre\u00edble selecci\u00f3n de mesas de estilo contempor\u00e1neo con elegantes acabados de los mejores materiales como el acero inoxidable. Dise\u00f1os minimalistas que dar\u00e1n a tus estancias un toque de distinci\u00f3n y personalidad. Ponte en contacto con nosotros si deseas conocer todos los modelos disponibles.\r\n    <\/p>\r\n<\/div>\r\n\r\n\r\n    <!-- Contenedor de pesta\u00f1as -->\r\n    <div class=\"tabs\">\r\n        <!-- Botones de pesta\u00f1as -->\r\n        <div class=\"tab-buttons\">\r\n            <button class=\"active\" data-tab=\"mesas-centro\">Mesas Centro<\/button>\r\n            <button data-tab=\"mesas-comedor\">Mesas de Comedor<\/button>\r\n            <button data-tab=\"mesas-auxiliares\">Mesas Auxiliares<\/button>\r\n            <button data-tab=\"consolas\">Consolas<\/button>\r\n            <button data-tab=\"escritorios\">Escritorios<\/button>\r\n        <\/div>\r\n\r\n        <!-- Contenido de Mesas Centro -->\r\n        <div class=\"tab-content active\" id=\"mesas-centro\">\r\n            <!-- Aqu\u00ed estar\u00e1n las 29 im\u00e1genes de Mesas Centro -->\r\n            <img decoding=\"async\" src=\"https:\/\/aticoweb.live-website.com\/wp-content\/uploads\/2025\/04\/mesa-centro-beijing.jpg\"\r\n                alt=\"Mesa Centro Beijing\">\r\n            <img decoding=\"async\" src=\"https:\/\/aticoweb.live-website.com\/wp-content\/uploads\/2025\/04\/mesa-centro-bolonia.jpg\"\r\n                alt=\"Mesa Centro Bolonia\">\r\n            <img decoding=\"async\" src=\"https:\/\/aticoweb.live-website.com\/wp-content\/uploads\/2025\/04\/mesa-centro-caddy.jpg\" alt=\"Mesa Centro Caddy\">\r\n            <img decoding=\"async\" src=\"https:\/\/aticoweb.live-website.com\/wp-content\/uploads\/2025\/04\/mesa-centro-candela-mondrian-N.jpg\"\r\n                alt=\"Mesa Centro Candela Mondrian\">\r\n            <img decoding=\"async\" src=\"https:\/\/aticoweb.live-website.com\/wp-content\/uploads\/2025\/04\/mesa-centro-doble-aspa.jpg\"\r\n                alt=\"Mesa Centro Doble Aspa\">\r\n            <img decoding=\"async\" src=\"https:\/\/aticoweb.live-website.com\/wp-content\/uploads\/2025\/04\/mesa-centro-donic.jpg\" alt=\"Mesa Centro Donic\">\r\n            <img decoding=\"async\" src=\"https:\/\/aticoweb.live-website.com\/wp-content\/uploads\/2025\/04\/mesa-centro-dorit.jpg\" alt=\"Mesa Centro Dorit\">\r\n            <img decoding=\"async\" src=\"https:\/\/aticoweb.live-website.com\/wp-content\/uploads\/2025\/04\/mesa-centro-candela-seguian.jpg\"\r\n                alt=\"Mesa Centro Candela Seguian\">\r\n            <img decoding=\"async\" src=\"https:\/\/aticoweb.live-website.com\/wp-content\/uploads\/2025\/04\/mesa-centro-canon-1.jpg\" alt=\"Mesa Centro Canon\">\r\n            <img decoding=\"async\" src=\"https:\/\/aticoweb.live-website.com\/wp-content\/uploads\/2025\/04\/mesa-centro-carlota.jpg\"\r\n                alt=\"Mesa Centro Carlota\">\r\n            <img decoding=\"async\" src=\"https:\/\/aticoweb.live-website.com\/wp-content\/uploads\/2025\/04\/mesa-centro-casablanca.jpg\"\r\n                alt=\"Mesa Centro Casablanca\">\r\n            <img decoding=\"async\" src=\"https:\/\/aticoweb.live-website.com\/wp-content\/uploads\/2025\/04\/mesa-centro-ceres-1.jpg\" alt=\"Mesa Centro Ceres\">\r\n            <img decoding=\"async\" src=\"https:\/\/aticoweb.live-website.com\/wp-content\/uploads\/2025\/04\/mesa-centro-dais.jpg\" alt=\"Mesa Centro Dais\">\r\n            <img decoding=\"async\" src=\"https:\/\/aticoweb.live-website.com\/wp-content\/uploads\/2025\/04\/mesa-centro-detroit-1.jpg\"\r\n                alt=\"Mesa Centro Detroit\">\r\n            <img decoding=\"async\" src=\"https:\/\/aticoweb.live-website.com\/wp-content\/uploads\/2025\/04\/mesa-centro-duplex.jpg\" alt=\"Mesa Centro Duplex\">\r\n            <img decoding=\"async\" src=\"https:\/\/aticoweb.live-website.com\/wp-content\/uploads\/2025\/04\/mesa-centro-efe.jpg\" alt=\"Mesa Centro Efe\">\r\n            <img decoding=\"async\" src=\"https:\/\/aticoweb.live-website.com\/wp-content\/uploads\/2025\/04\/mesa-centro-helice.jpg\" alt=\"Mesa Centro H\u00e9lice\">\r\n            <img decoding=\"async\" src=\"https:\/\/aticoweb.live-website.com\/wp-content\/uploads\/2025\/04\/mesa-centro-kio.jpg\" alt=\"Mesa Centro Kio\">\r\n            <img decoding=\"async\" src=\"https:\/\/aticoweb.live-website.com\/wp-content\/uploads\/2025\/04\/mesa-centro-motion.jpg\" alt=\"Mesa Centro Motion\">\r\n            <img decoding=\"async\" src=\"https:\/\/aticoweb.live-website.com\/wp-content\/uploads\/2025\/04\/mesa-centro-oriente.jpg\"\r\n                alt=\"Mesa Centro Oriente\">\r\n            <img decoding=\"async\" src=\"https:\/\/aticoweb.live-website.com\/wp-content\/uploads\/2025\/04\/mesa-centro-oval.jpg\" alt=\"Mesa Centro Oval\">\r\n            <img decoding=\"async\" src=\"https:\/\/aticoweb.live-website.com\/wp-content\/uploads\/2025\/04\/mesa-centro-polar.jpg\" alt=\"Mesa Centro Polar\">\r\n            <img decoding=\"async\" src=\"https:\/\/aticoweb.live-website.com\/wp-content\/uploads\/2025\/04\/mesa-centro-puket.jpg\" alt=\"Mesa Centro Puket\">\r\n            <img decoding=\"async\" src=\"https:\/\/aticoweb.live-website.com\/wp-content\/uploads\/2025\/04\/mesa-centro-ronda.jpg\" alt=\"Mesa Centro Ronda\">\r\n            <img decoding=\"async\" src=\"https:\/\/aticoweb.live-website.com\/wp-content\/uploads\/2025\/04\/mesa-centro-shangay.jpg\"\r\n                alt=\"Mesa Centro Shangay\">\r\n            <img decoding=\"async\" src=\"https:\/\/aticoweb.live-website.com\/wp-content\/uploads\/2025\/04\/mesa-centro-totem.jpg\" alt=\"Mesa Centro Totem\">\r\n            <img decoding=\"async\" src=\"https:\/\/aticoweb.live-website.com\/wp-content\/uploads\/2025\/04\/mesa-centro-triple-espazio.jpg\"\r\n                alt=\"Mesa Centro Triple Espazio\">\r\n            <img decoding=\"async\" src=\"https:\/\/aticoweb.live-website.com\/wp-content\/uploads\/2025\/04\/mesa-centro-VIII.jpg\" alt=\"Mesa Centro VIII\">\r\n\r\n\r\n            <!-- A\u00f1adir las dem\u00e1s im\u00e1genes aqu\u00ed -->\r\n        <\/div>\r\n\r\n        <!-- Contenido de Mesas de Comedor -->\r\n        <div class=\"tab-content\" id=\"mesas-comedor\">\r\n            <img decoding=\"async\" src=\"https:\/\/aticoweb.live-website.com\/wp-content\/uploads\/2025\/04\/mesa-comedor-10.jpg\" alt=\"Mesa Comedor 10\">\r\n            <img decoding=\"async\" src=\"https:\/\/aticoweb.live-website.com\/wp-content\/uploads\/2025\/04\/mesa-comedor-acero-2.jpg\"\r\n                alt=\"Mesa Comedor Acero 2\">\r\n            <img decoding=\"async\" src=\"https:\/\/aticoweb.live-website.com\/wp-content\/uploads\/2025\/04\/mesa-comedor-acero-3.jpg\"\r\n                alt=\"Mesa Comedor Acero 3\">\r\n            \r\n            <img decoding=\"async\" src=\"https:\/\/aticoweb.live-website.com\/wp-content\/uploads\/2025\/04\/mesa-comedor-duomo.jpg\" alt=\"Mesa Comedor Duomo\">\r\n            <img decoding=\"async\" src=\"https:\/\/aticoweb.live-website.com\/wp-content\/uploads\/2025\/04\/mesa-comedor-giza.jpg\" alt=\"Mesa Comedor Giza\">\r\n            <img decoding=\"async\" src=\"https:\/\/aticoweb.live-website.com\/wp-content\/uploads\/2025\/04\/mesa-comedor-giza-steel.jpg\"\r\n                alt=\"Mesa Comedor Giza Steel\">\r\n            <img decoding=\"async\" src=\"https:\/\/aticoweb.live-website.com\/wp-content\/uploads\/2025\/04\/mesa-comedor-lido.jpg\" alt=\"Mesa Comedor Lido\">\r\n            <img decoding=\"async\" src=\"https:\/\/aticoweb.live-website.com\/wp-content\/uploads\/2025\/04\/mesa-comedor-mansion.jpg\"\r\n                alt=\"Mesa Comedor Mansi\u00f3n\">\r\n            <img decoding=\"async\" src=\"https:\/\/aticoweb.live-website.com\/wp-content\/uploads\/2025\/04\/mesa-comedor-montecarlo.jpg\"\r\n                alt=\"Mesa Comedor Montecarlo\">\r\n            <img decoding=\"async\" src=\"https:\/\/aticoweb.live-website.com\/wp-content\/uploads\/2025\/04\/mesa-comedor-munich.jpg\"\r\n                alt=\"Mesa Comedor Munich\">\r\n            <img decoding=\"async\" src=\"https:\/\/aticoweb.live-website.com\/wp-content\/uploads\/2025\/04\/mesa-comedor-oval.jpg\" alt=\"Mesa Comedor Oval\">\r\n            <img decoding=\"async\" src=\"https:\/\/aticoweb.live-website.com\/wp-content\/uploads\/2025\/04\/mesa-comedor-petronas.jpg\"\r\n                alt=\"Mesa Comedor Petronas\">\r\n            <img decoding=\"async\" src=\"https:\/\/aticoweb.live-website.com\/wp-content\/uploads\/2025\/04\/mesa-comedor-pompeya.jpg\"\r\n                alt=\"Mesa Comedor Pompeya\">\r\n            <img decoding=\"async\" src=\"https:\/\/aticoweb.live-website.com\/wp-content\/uploads\/2025\/04\/mesa-comedor-toscana.jpg\"\r\n                alt=\"Mesa Comedor Toscana\">\r\n\r\n        <\/div>\r\n\r\n        <!-- Contenido de Mesas Auxiliares -->\r\n        <div class=\"tab-content\" id=\"mesas-auxiliares\">\r\n            <img decoding=\"async\" src=\"https:\/\/aticoweb.live-website.com\/wp-content\/uploads\/2025\/04\/mesa-auxiliar-barcelona.jpg\"\r\n                alt=\"Mesa Auxiliar Barcelona\">\r\n            <img decoding=\"async\" src=\"https:\/\/aticoweb.live-website.com\/wp-content\/uploads\/2025\/04\/mesa-auxiliar-bolonia.jpg\"\r\n                alt=\"Mesa Auxiliar Bolonia\">\r\n            <img decoding=\"async\" src=\"https:\/\/aticoweb.live-website.com\/wp-content\/uploads\/2025\/04\/mesa-auxiliar-camera.jpg\"\r\n                alt=\"Mesa Auxiliar Camera\">\r\n            <img decoding=\"async\" src=\"https:\/\/aticoweb.live-website.com\/wp-content\/uploads\/2025\/04\/mesa-auxiliar-candela.jpg\"\r\n                alt=\"Mesa Auxiliar Candela\">\r\n            <img decoding=\"async\" src=\"https:\/\/aticoweb.live-website.com\/wp-content\/uploads\/2025\/04\/mesa-auxiliar-copa.jpg\" alt=\"Mesa Auxiliar Copa\">\r\n            <img decoding=\"async\" src=\"https:\/\/aticoweb.live-website.com\/wp-content\/uploads\/2025\/04\/mesa-auxiliar-doble-aspa.jpg\"\r\n                alt=\"Mesa Auxiliar Doble Aspa\">\r\n            <img decoding=\"async\" src=\"https:\/\/aticoweb.live-website.com\/wp-content\/uploads\/2025\/04\/mesa-auxiliar-h.jpg\" alt=\"Mesa Auxiliar H\">\r\n            <img decoding=\"async\" src=\"https:\/\/aticoweb.live-website.com\/wp-content\/uploads\/2025\/04\/mesa-auxiliar-iris.jpg\" alt=\"Mesa Auxiliar Iris\">\r\n            <img decoding=\"async\" src=\"https:\/\/aticoweb.live-website.com\/wp-content\/uploads\/2025\/04\/mesa-auxiliar-scala.jpg\"\r\n                alt=\"Mesa Auxiliar Scala\">\r\n            <img decoding=\"async\" src=\"https:\/\/aticoweb.live-website.com\/wp-content\/uploads\/2025\/04\/mesa-auxiliar-trapezio-1.jpg\"\r\n                alt=\"Mesa Auxiliar Trapezio\">\r\n            <img decoding=\"async\" src=\"https:\/\/aticoweb.live-website.com\/wp-content\/uploads\/2025\/04\/mesa-auxiliar-verona.jpg\"\r\n                alt=\"Mesa Auxiliar Verona\">\r\n            <img decoding=\"async\" src=\"https:\/\/aticoweb.live-website.com\/wp-content\/uploads\/2025\/04\/mesa-auxiliar-sfera-1.jpg\"\r\n                alt=\"Mesa Auxiliar Sfera\">\r\n            \r\n            <img decoding=\"async\" src=\"https:\/\/aticoweb.live-website.com\/wp-content\/uploads\/2025\/04\/mesa-auxiliar-waterloo.jpg\"\r\n                alt=\"Mesa Auxiliar Waterloo\">\r\n            <img decoding=\"async\" src=\"https:\/\/aticoweb.live-website.com\/wp-content\/uploads\/2025\/04\/mesa-auxiliar-trapezio-1.jpg\"\r\n                alt=\"Mesa Auxiliar Trapezio\">\r\n        <\/div>\r\n\r\n        <!-- Contenido de Consolas -->\r\n        <div class=\"tab-content\" id=\"consolas\">\r\n            <img decoding=\"async\" src=\"https:\/\/aticoweb.live-website.com\/wp-content\/uploads\/2025\/04\/consola-lenon-2.jpg\" alt=\"Consola Lenon\">\r\n            <img decoding=\"async\" src=\"https:\/\/aticoweb.live-website.com\/wp-content\/uploads\/2025\/04\/consola-pompidou-1.jpg\" alt=\"Consola Pompidou\">\r\n            <img decoding=\"async\" src=\"https:\/\/aticoweb.live-website.com\/wp-content\/uploads\/2025\/04\/consola-roma-1.jpg\" alt=\"Consola Roma\">\r\n            <img decoding=\"async\" src=\"https:\/\/aticoweb.live-website.com\/wp-content\/uploads\/2025\/04\/consola-saigon-1.jpg\" alt=\"Consola Saigon\">\r\n            <img decoding=\"async\" src=\"https:\/\/aticoweb.live-website.com\/wp-content\/uploads\/2025\/04\/consola-sanghai-2.jpg\" alt=\"Consola Shangai\">\r\n            <img decoding=\"async\" src=\"https:\/\/aticoweb.live-website.com\/wp-content\/uploads\/2025\/04\/consola-spazio-1-1.jpg\" alt=\"Consola Spazio\">\r\n            <img decoding=\"async\" src=\"https:\/\/aticoweb.live-website.com\/wp-content\/uploads\/2025\/04\/consola-wilma-1.jpg\" alt=\"Consola Wilma\">\r\n            <img decoding=\"async\" src=\"https:\/\/aticoweb.live-website.com\/wp-content\/uploads\/2025\/04\/consola-wilma-2.jpg\" alt=\"Consola Wilma 2\">\r\n\r\n        <\/div>\r\n\r\n        <!-- Contenido de Escritorios -->\r\n        <div class=\"tab-content\" id=\"escritorios\">\r\n            <img decoding=\"async\" src=\"https:\/\/aticoweb.live-website.com\/wp-content\/uploads\/2025\/04\/mesa-comedor-munich.jpg\" alt=\"mesa-comedor-munich\">\r\n            <img decoding=\"async\" src=\"https:\/\/aticoweb.live-website.com\/wp-content\/uploads\/2025\/04\/mesa-comedor-mansion.jpg\" alt=\"mesa-comedor-mansion\">\r\n            <img decoding=\"async\" src=\"https:\/\/aticoweb.live-website.com\/wp-content\/uploads\/2025\/04\/mesa-comedor-montecarlo.jpg\" alt=\"mesa-comedor-montecarlo\">\r\n\r\n        <\/div>\r\n    <\/div>\r\n\r\n    <script>\r\n        const buttons = document.querySelectorAll('.tab-buttons button');\r\n        const contents = document.querySelectorAll('.tab-content');\r\n\r\n        buttons.forEach(button => {\r\n            button.addEventListener('click', () => {\r\n                \/\/ Eliminar la clase activa de todos los botones y contenidos\r\n                buttons.forEach(btn => btn.classList.remove('active'));\r\n                contents.forEach(content => content.classList.remove('active'));\r\n\r\n                \/\/ Agregar la clase activa al bot\u00f3n y contenido correspondiente\r\n                button.classList.add('active');\r\n                document.getElementById(button.dataset.tab).classList.add('active');\r\n            });\r\n        });\r\n    <\/script>\r\n<\/body>\r\n\r\n<\/html>\t\t\t\t<\/div>\n\t\t\t\t<\/div>\n\t\t\t\t\t<\/div>\n\t\t\t\t<\/div>\n\t\t\t\t<\/div>\n\t\t","protected":false},"excerpt":{"rendered":"<p>Decoraci\u00f3n &#8211; Mesas Mesas Mesas de comedor, auxiliares, de centro, escritorios y consolas Dise\u00f1os modernos y funcionales Precios que no [&hellip;]<\/p>\n","protected":false},"author":2,"featured_media":0,"parent":5478,"menu_order":0,"comment_status":"closed","ping_status":"closed","template":"elementor_header_footer","meta":{"site-sidebar-layout":"default","site-content-layout":"","ast-site-content-layout":"","site-content-style":"default","site-sidebar-style":"default","ast-global-header-display":"","ast-banner-title-visibility":"","ast-main-header-display":"","ast-hfb-above-header-display":"","ast-hfb-below-header-display":"","ast-hfb-mobile-header-display":"","site-post-title":"","ast-breadcrumbs-content":"","ast-featured-img":"","footer-sml-layout":"","theme-transparent-header-meta":"","adv-header-id-meta":"","stick-header-meta":"","header-above-stick-meta":"","header-main-stick-meta":"","header-below-stick-meta":"","astra-migrate-meta-layouts":"default","ast-page-background-enabled":"default","ast-page-background-meta":{"desktop":{"background-color":"var(--ast-global-color-5)","background-image":"","background-repeat":"repeat","background-position":"center center","background-size":"auto","background-attachment":"scroll","background-type":"","background-media":"","overlay-type":"","overlay-color":"","overlay-opacity":"","overlay-gradient":""},"tablet":{"background-color":"","background-image":"","background-repeat":"repeat","background-position":"center center","background-size":"auto","background-attachment":"scroll","background-type":"","background-media":"","overlay-type":"","overlay-color":"","overlay-opacity":"","overlay-gradient":""},"mobile":{"background-color":"","background-image":"","background-repeat":"repeat","background-position":"center center","background-size":"auto","background-attachment":"scroll","background-type":"","background-media":"","overlay-type":"","overlay-color":"","overlay-opacity":"","overlay-gradient":""}},"ast-content-background-meta":{"desktop":{"background-color":"var(--ast-global-color-4)","background-image":"","background-repeat":"repeat","background-position":"center center","background-size":"auto","background-attachment":"scroll","background-type":"","background-media":"","overlay-type":"","overlay-color":"","overlay-opacity":"","overlay-gradient":""},"tablet":{"background-color":"var(--ast-global-color-4)","background-image":"","background-repeat":"repeat","background-position":"center center","background-size":"auto","background-attachment":"scroll","background-type":"","background-media":"","overlay-type":"","overlay-color":"","overlay-opacity":"","overlay-gradient":""},"mobile":{"background-color":"var(--ast-global-color-4)","background-image":"","background-repeat":"repeat","background-position":"center center","background-size":"auto","background-attachment":"scroll","background-type":"","background-media":"","overlay-type":"","overlay-color":"","overlay-opacity":"","overlay-gradient":""}},"footnotes":""},"class_list":["post-5754","page","type-page","status-publish","hentry"],"aioseo_notices":[],"_links":{"self":[{"href":"https:\/\/aticometal.com\/index.php?rest_route=\/wp\/v2\/pages\/5754","targetHints":{"allow":["GET"]}}],"collection":[{"href":"https:\/\/aticometal.com\/index.php?rest_route=\/wp\/v2\/pages"}],"about":[{"href":"https:\/\/aticometal.com\/index.php?rest_route=\/wp\/v2\/types\/page"}],"author":[{"embeddable":true,"href":"https:\/\/aticometal.com\/index.php?rest_route=\/wp\/v2\/users\/2"}],"replies":[{"embeddable":true,"href":"https:\/\/aticometal.com\/index.php?rest_route=%2Fwp%2Fv2%2Fcomments&post=5754"}],"version-history":[{"count":15,"href":"https:\/\/aticometal.com\/index.php?rest_route=\/wp\/v2\/pages\/5754\/revisions"}],"predecessor-version":[{"id":6584,"href":"https:\/\/aticometal.com\/index.php?rest_route=\/wp\/v2\/pages\/5754\/revisions\/6584"}],"up":[{"embeddable":true,"href":"https:\/\/aticometal.com\/index.php?rest_route=\/wp\/v2\/pages\/5478"}],"wp:attachment":[{"href":"https:\/\/aticometal.com\/index.php?rest_route=%2Fwp%2Fv2%2Fmedia&parent=5754"}],"curies":[{"name":"wp","href":"https:\/\/api.w.org\/{rel}","templated":true}]}}