{"id":5764,"date":"2017-04-27T06:11:50","date_gmt":"2017-04-27T06:11:50","guid":{"rendered":"http:\/\/aticometal.com\/?page_id=5764"},"modified":"2025-04-10T13:07:22","modified_gmt":"2025-04-10T11:07:22","slug":"sillas","status":"publish","type":"page","link":"https:\/\/aticometal.com\/?page_id=5764","title":{"rendered":"Sillas"},"content":{"rendered":"\t\t<div data-elementor-type=\"wp-page\" data-elementor-id=\"5764\" class=\"elementor elementor-5764\">\n\t\t\t\t<div class=\"elementor-element elementor-element-6803e0b e-flex e-con-boxed e-con e-parent\" data-id=\"6803e0b\" data-element_type=\"container\">\n\t\t\t\t\t<div class=\"e-con-inner\">\n\t\t\t\t<div class=\"elementor-element elementor-element-c9cf8e7 elementor-widget elementor-widget-html\" data-id=\"c9cf8e7\" data-element_type=\"widget\" data-widget_type=\"html.default\">\n\t\t\t\t<div class=\"elementor-widget-container\">\n\t\t\t\t\t<!DOCTYPE html>\r\n<html lang=\"es\">\r\n<head>\r\n    <meta charset=\"UTF-8\">\r\n    <meta name=\"viewport\" content=\"width=device-width, initial-scale=1.0\">\r\n    <title>Decoraci\u00f3n - Sillas<\/title>\r\n    <style>\r\n        body {\r\n            margin: 0;\r\n            font-family: Arial, sans-serif;\r\n            background-color: #f5f5f5;\r\n            color: #222;\r\n        }\r\n\r\n        \/* Cabecera *\/\r\n        .header {\r\n            position: relative;\r\n            text-align: center;\r\n            color: #ffffff;\r\n        }\r\n\r\n        .header img {\r\n            width: 100%;\r\n            height: 400px;\r\n            object-fit: cover;\r\n        }\r\n\r\n        .header .overlay {\r\n            position: absolute;\r\n            top: 0;\r\n            left: 0;\r\n            width: 100%;\r\n            height: 100%;\r\n            background: linear-gradient(to bottom, rgba(34, 34, 34, 0.5), rgba(34, 34, 34, 1));\r\n        }\r\n\r\n        .header .title {\r\n            position: absolute;\r\n            top: 50%;\r\n            left: 50%;\r\n            transform: translate(-50%, -50%);\r\n            z-index: 2;\r\n            text-align: center;\r\n        }\r\n\r\n        .header .title h1 {\r\n            font-size: 2.5rem;\r\n            color: #fcb900;\r\n            margin: 0;\r\n        }\r\n\r\n        .header .title p {\r\n            font-size: 1.2rem;\r\n            margin-top: 10px;\r\n        }\r\n\r\n        \/* Secci\u00f3n principal *\/\r\n        .section {\r\n            max-width: 1200px;\r\n            margin: 0 auto;\r\n            padding: 2% 20px 55px 20px;\r\n        }\r\n\r\n        .section h2 {\r\n            text-align: center;\r\n            font-size: 2rem;\r\n            color: #222;\r\n            margin-bottom: 20px;\r\n        }\r\n\r\n        .section h3 {\r\n            text-align: center;\r\n            font-size: 1.5rem;\r\n            color: #fcb900;\r\n            margin-bottom: 40px;\r\n        }\r\n\r\n        .section p {\r\n            font-size: 1rem;\r\n            line-height: 1.8;\r\n            margin-bottom: 20px;\r\n            text-align: justify;\r\n            color: #666;\r\n        }\r\n\r\n        .section b {\r\n            color: #222;\r\n            font-weight: bold;\r\n        }\r\n\r\n        \/* Galer\u00eda *\/\r\n        .gallery {\r\n            display: grid;\r\n            grid-template-columns: repeat(2, 1fr);\r\n            gap: 20px;\r\n            margin-top: 52px;\r\n        }\r\n\r\n        .gallery img {\r\n            width: 100%;\r\n            border-radius: 15px; \/* Bordes redondeados *\/\r\n            box-shadow: 0 4px 8px rgba(0, 0, 0, 0.2); \/* Sombra suave *\/\r\n            transition: transform 0.3s ease; \/* Solo efecto de escala *\/\r\n        }\r\n\r\n        .gallery img:hover {\r\n            transform: scale(1.05); \/* Efecto de zoom al pasar el cursor *\/\r\n        }\r\n    <\/style>\r\n<\/head>\r\n<body>\r\n    <!-- Cabecera -->\r\n    <div class=\"header\">\r\n        <img decoding=\"async\" src=\"https:\/\/aticoweb.live-website.com\/wp-content\/uploads\/2025\/04\/silla-oz.jpg\" alt=\"Cabecera Sillas\">\r\n        <div class=\"overlay\"><\/div>\r\n        <div class=\"title\">\r\n            <h1>Sillas<\/h1>\r\n            <p>Dise\u00f1o, confort y calidad<\/p>\r\n        <\/div>\r\n    <\/div>\r\n\r\n    <!-- Bloque informativo -->\r\n    <div class=\"section\">\r\n        <h2>Dise\u00f1o, confort y calidad<\/h2>\r\n        <h3>Modelos minimalistas que dar\u00e1n un toque de distinci\u00f3n a tus estancias<\/h3>\r\n        <p>\r\n            Dale un aire nuevo a tu sal\u00f3n con estas incre\u00edbles sillas con preciosos acabados de acero inoxidable. Fabricadas con materiales de la m\u00e1s alta calidad, sin duda, no pasar\u00e1n desapercibidas. \u00a1Contacta con nosotros para conocer todos los modelos disponibles!\r\n        <\/p>\r\n        <p>\r\n            <b>\u00danicamente trabajamos las estructuras met\u00e1licas que dan soporte al mueble, en ning\u00fan caso trabajamos carpinter\u00eda de madera o tapicer\u00eda.<\/b>\r\n        <\/p>\r\n        \r\n        <!-- Galer\u00eda de im\u00e1genes -->\r\n        <div class=\"gallery\">\r\n            <img decoding=\"async\" src=\"https:\/\/aticoweb.live-website.com\/wp-content\/uploads\/2025\/04\/silla-anilla.jpg\" alt=\"Silla Anilla\">\r\n            <img decoding=\"async\" src=\"https:\/\/aticoweb.live-website.com\/wp-content\/uploads\/2025\/04\/silla-botticelli-1.jpg\" alt=\"Silla Botticelli\">\r\n            <img decoding=\"async\" src=\"https:\/\/aticoweb.live-website.com\/wp-content\/uploads\/2025\/04\/silla-cinema.jpg\" alt=\"Silla Cinema\">\r\n            <img decoding=\"async\" src=\"https:\/\/aticoweb.live-website.com\/wp-content\/uploads\/2025\/04\/silla-cubic.jpg\" alt=\"Silla Cubic\">\r\n            <img decoding=\"async\" src=\"https:\/\/aticoweb.live-website.com\/wp-content\/uploads\/2025\/04\/silla-lazo.jpg\" alt=\"Silla Lazo\">\r\n            <img decoding=\"async\" src=\"https:\/\/aticoweb.live-website.com\/wp-content\/uploads\/2025\/04\/silla-louvre.jpg\" alt=\"Silla Louvre\">\r\n            <img decoding=\"async\" src=\"https:\/\/aticoweb.live-website.com\/wp-content\/uploads\/2025\/04\/silla-mansion.jpg\" alt=\"Silla Mansi\u00f3n\">\r\n            <img decoding=\"async\" src=\"https:\/\/aticoweb.live-website.com\/wp-content\/uploads\/2025\/04\/silla-niza.jpg\" alt=\"Silla Niza\">\r\n            <img decoding=\"async\" src=\"https:\/\/aticoweb.live-website.com\/wp-content\/uploads\/2025\/04\/silla-oz.jpg\" alt=\"Silla Oz\">\r\n            <img decoding=\"async\" src=\"https:\/\/aticoweb.live-website.com\/wp-content\/uploads\/2025\/04\/silla-oz-2.jpg\" alt=\"Silla Oz 2\">\r\n        <\/div>\r\n    <\/div>\r\n<\/body>\r\n<\/html>\r\n\t\t\t\t<\/div>\n\t\t\t\t<\/div>\n\t\t\t\t\t<\/div>\n\t\t\t\t<\/div>\n\t\t\t\t<\/div>\n\t\t","protected":false},"excerpt":{"rendered":"<p>Decoraci\u00f3n &#8211; Sillas Sillas Dise\u00f1o, confort y calidad Dise\u00f1o, confort y calidad Modelos minimalistas que dar\u00e1n un toque de distinci\u00f3n [&hellip;]<\/p>\n","protected":false},"author":2,"featured_media":0,"parent":5478,"menu_order":0,"comment_status":"closed","ping_status":"closed","template":"elementor_header_footer","meta":{"site-sidebar-layout":"default","site-content-layout":"","ast-site-content-layout":"","site-content-style":"default","site-sidebar-style":"default","ast-global-header-display":"","ast-banner-title-visibility":"","ast-main-header-display":"","ast-hfb-above-header-display":"","ast-hfb-below-header-display":"","ast-hfb-mobile-header-display":"","site-post-title":"","ast-breadcrumbs-content":"","ast-featured-img":"","footer-sml-layout":"","theme-transparent-header-meta":"","adv-header-id-meta":"","stick-header-meta":"","header-above-stick-meta":"","header-main-stick-meta":"","header-below-stick-meta":"","astra-migrate-meta-layouts":"default","ast-page-background-enabled":"default","ast-page-background-meta":{"desktop":{"background-color":"var(--ast-global-color-5)","background-image":"","background-repeat":"repeat","background-position":"center center","background-size":"auto","background-attachment":"scroll","background-type":"","background-media":"","overlay-type":"","overlay-color":"","overlay-opacity":"","overlay-gradient":""},"tablet":{"background-color":"","background-image":"","background-repeat":"repeat","background-position":"center center","background-size":"auto","background-attachment":"scroll","background-type":"","background-media":"","overlay-type":"","overlay-color":"","overlay-opacity":"","overlay-gradient":""},"mobile":{"background-color":"","background-image":"","background-repeat":"repeat","background-position":"center center","background-size":"auto","background-attachment":"scroll","background-type":"","background-media":"","overlay-type":"","overlay-color":"","overlay-opacity":"","overlay-gradient":""}},"ast-content-background-meta":{"desktop":{"background-color":"var(--ast-global-color-4)","background-image":"","background-repeat":"repeat","background-position":"center center","background-size":"auto","background-attachment":"scroll","background-type":"","background-media":"","overlay-type":"","overlay-color":"","overlay-opacity":"","overlay-gradient":""},"tablet":{"background-color":"var(--ast-global-color-4)","background-image":"","background-repeat":"repeat","background-position":"center center","background-size":"auto","background-attachment":"scroll","background-type":"","background-media":"","overlay-type":"","overlay-color":"","overlay-opacity":"","overlay-gradient":""},"mobile":{"background-color":"var(--ast-global-color-4)","background-image":"","background-repeat":"repeat","background-position":"center center","background-size":"auto","background-attachment":"scroll","background-type":"","background-media":"","overlay-type":"","overlay-color":"","overlay-opacity":"","overlay-gradient":""}},"footnotes":""},"class_list":["post-5764","page","type-page","status-publish","hentry"],"aioseo_notices":[],"_links":{"self":[{"href":"https:\/\/aticometal.com\/index.php?rest_route=\/wp\/v2\/pages\/5764","targetHints":{"allow":["GET"]}}],"collection":[{"href":"https:\/\/aticometal.com\/index.php?rest_route=\/wp\/v2\/pages"}],"about":[{"href":"https:\/\/aticometal.com\/index.php?rest_route=\/wp\/v2\/types\/page"}],"author":[{"embeddable":true,"href":"https:\/\/aticometal.com\/index.php?rest_route=\/wp\/v2\/users\/2"}],"replies":[{"embeddable":true,"href":"https:\/\/aticometal.com\/index.php?rest_route=%2Fwp%2Fv2%2Fcomments&post=5764"}],"version-history":[{"count":3,"href":"https:\/\/aticometal.com\/index.php?rest_route=\/wp\/v2\/pages\/5764\/revisions"}],"predecessor-version":[{"id":6483,"href":"https:\/\/aticometal.com\/index.php?rest_route=\/wp\/v2\/pages\/5764\/revisions\/6483"}],"up":[{"embeddable":true,"href":"https:\/\/aticometal.com\/index.php?rest_route=\/wp\/v2\/pages\/5478"}],"wp:attachment":[{"href":"https:\/\/aticometal.com\/index.php?rest_route=%2Fwp%2Fv2%2Fmedia&parent=5764"}],"curies":[{"name":"wp","href":"https:\/\/api.w.org\/{rel}","templated":true}]}}