{"id":5779,"date":"2017-04-27T06:14:26","date_gmt":"2017-04-27T06:14:26","guid":{"rendered":"http:\/\/aticometal.com\/?page_id=5779"},"modified":"2025-04-10T12:55:47","modified_gmt":"2025-04-10T10:55:47","slug":"butacas","status":"publish","type":"page","link":"https:\/\/aticometal.com\/?page_id=5779","title":{"rendered":"Butacas"},"content":{"rendered":"\t\t<div data-elementor-type=\"wp-page\" data-elementor-id=\"5779\" class=\"elementor elementor-5779\">\n\t\t\t\t<div class=\"elementor-element elementor-element-5c756ef e-flex e-con-boxed e-con e-parent\" data-id=\"5c756ef\" data-element_type=\"container\">\n\t\t\t\t\t<div class=\"e-con-inner\">\n\t\t\t\t<div class=\"elementor-element elementor-element-b51f627 elementor-widget elementor-widget-html\" data-id=\"b51f627\" data-element_type=\"widget\" data-widget_type=\"html.default\">\n\t\t\t\t<div class=\"elementor-widget-container\">\n\t\t\t\t\t<!DOCTYPE html>\r\n<html lang=\"es\">\r\n<head>\r\n    <meta charset=\"UTF-8\">\r\n    <meta name=\"viewport\" content=\"width=device-width, initial-scale=1.0\">\r\n    <title>Decoraci\u00f3n - Butacas<\/title>\r\n    <style>\r\n        body {\r\n            margin: 0;\r\n            font-family: Arial, sans-serif;\r\n            background-color: #f5f5f5;\r\n            color: #222;\r\n        }\r\n\r\n        \/* Cabecera *\/\r\n        .header {\r\n            position: relative;\r\n            text-align: center;\r\n            color: #ffffff;\r\n        }\r\n\r\n        .header img {\r\n            width: 100%;\r\n            height: 400px;\r\n            object-fit: cover;\r\n        }\r\n\r\n        .header .overlay {\r\n            position: absolute;\r\n            top: 0;\r\n            left: 0;\r\n            width: 100%;\r\n            height: 100%;\r\n            background: linear-gradient(to bottom, rgba(34, 34, 34, 0.5), rgba(34, 34, 34, 1));\r\n        }\r\n\r\n        .header .title {\r\n            position: absolute;\r\n            top: 50%;\r\n            left: 50%;\r\n            transform: translate(-50%, -50%);\r\n            z-index: 2;\r\n            text-align: center;\r\n        }\r\n\r\n        .header .title h1 {\r\n            font-size: 2.5rem;\r\n            color: #fcb900;\r\n            margin: 0;\r\n        }\r\n\r\n        .header .title p {\r\n            font-size: 1.2rem;\r\n            margin-top: 10px;\r\n        }\r\n\r\n        \/* Secci\u00f3n principal *\/\r\n        .section {\r\n            max-width: 1200px;\r\n            margin: 0 auto;\r\n            padding: 2% 20px 55px 20px;\r\n        }\r\n\r\n        .section h2 {\r\n            text-align: center;\r\n            font-size: 2rem;\r\n            color: #222;\r\n            margin-bottom: 20px;\r\n        }\r\n\r\n        .section h3 {\r\n            text-align: center;\r\n            font-size: 1.5rem;\r\n            color: #fcb900;\r\n            margin-bottom: 40px;\r\n        }\r\n\r\n        .section p {\r\n            font-size: 1rem;\r\n            line-height: 1.8;\r\n            margin-bottom: 20px;\r\n            text-align: justify;\r\n            color: #666;\r\n        }\r\n\r\n        .section b {\r\n            color: #222;\r\n            font-weight: bold;\r\n        }\r\n\r\n        \/* Galer\u00eda *\/\r\n        .gallery {\r\n            display: grid;\r\n            grid-template-columns: repeat(2, 1fr);\r\n            gap: 20px;\r\n            margin-top: 52px;\r\n        }\r\n\r\n        .gallery img {\r\n            width: 100%;\r\n            border-radius: 15px; \/* Bordes redondeados *\/\r\n            box-shadow: 0 4px 8px rgba(0, 0, 0, 0.2); \/* Sombra suave *\/\r\n            transition: transform 0.3s ease; \/* Solo efecto de escala *\/\r\n        }\r\n\r\n        .gallery img:hover {\r\n            transform: scale(1.05); \/* Efecto de zoom al pasar el cursor *\/\r\n        }\r\n    <\/style>\r\n<\/head>\r\n<body>\r\n    <!-- Cabecera -->\r\n    <div class=\"header\">\r\n        <img decoding=\"async\" src=\"https:\/\/aticoweb.live-website.com\/wp-content\/uploads\/2025\/04\/butaca-louvre.jpg\" alt=\"Cabecera Butacas\">\r\n        <div class=\"overlay\"><\/div>\r\n        <div class=\"title\">\r\n            <h1>Butacas<\/h1>\r\n            <p>Materiales de primera, confort duradero<\/p>\r\n        <\/div>\r\n    <\/div>\r\n\r\n    <!-- Bloque informativo -->\r\n    <div class=\"section\">\r\n        <h2>Dise\u00f1os de estilo contempor\u00e1neo que no pasar\u00e1n desapercibidos<\/h2>\r\n        <h3>Materiales de primera, confort duradero<\/h3>\r\n        <p>\r\n            No te pierdas nuestra selecci\u00f3n de exclusivas butacas de dise\u00f1o fabricadas con materiales de primera calidad y con elegantes acabados de acero inoxidable. Butacas con personalidad que llenar\u00e1n de estilo tus estancias. Si deseas conocer todo el cat\u00e1logo no dudes en contactar con nosotros.\r\n        <\/p>\r\n        <p>\r\n            <b>\u00danicamente trabajamos las estructuras met\u00e1licas que dan soporte al mueble, en ning\u00fan caso trabajamos carpinter\u00eda de madera o tapicer\u00eda.<\/b>\r\n        <\/p>\r\n        \r\n        <!-- Galer\u00eda de im\u00e1genes -->\r\n        <div class=\"gallery\">\r\n            <img decoding=\"async\" src=\"https:\/\/aticoweb.live-website.com\/wp-content\/uploads\/2025\/04\/butaca-roma.jpg\" alt=\"Butaca Roma\">\r\n            <img decoding=\"async\" src=\"https:\/\/aticoweb.live-website.com\/wp-content\/uploads\/2025\/04\/butaca-picasso.jpg\" alt=\"Butaca Picasso\">\r\n            <img decoding=\"async\" src=\"https:\/\/aticoweb.live-website.com\/wp-content\/uploads\/2025\/04\/butaca-mansion.jpg\" alt=\"Butaca Mansi\u00f3n\">\r\n            <img decoding=\"async\" src=\"https:\/\/aticoweb.live-website.com\/wp-content\/uploads\/2025\/04\/butaca-linate.jpg\" alt=\"Butaca Linate\">\r\n            <img decoding=\"async\" src=\"https:\/\/aticoweb.live-website.com\/wp-content\/uploads\/2025\/04\/butaca-leonardo.jpg\" alt=\"Butaca Leonardo\">\r\n            <img decoding=\"async\" src=\"https:\/\/aticoweb.live-website.com\/wp-content\/uploads\/2025\/04\/butaca-lazo.jpg\" alt=\"Butaca Lazo\">\r\n            <img decoding=\"async\" src=\"https:\/\/aticoweb.live-website.com\/wp-content\/uploads\/2025\/04\/butaca-detroit.jpg\" alt=\"Butaca Detroit\">\r\n            <img decoding=\"async\" src=\"https:\/\/aticoweb.live-website.com\/wp-content\/uploads\/2025\/04\/butaca-betty-1.jpg\" alt=\"Butaca Betty\">\r\n            <img decoding=\"async\" src=\"https:\/\/aticoweb.live-website.com\/wp-content\/uploads\/2025\/04\/butaca-alpes.jpg\" alt=\"Butaca Alpes\">\r\n            <img decoding=\"async\" src=\"https:\/\/aticoweb.live-website.com\/wp-content\/uploads\/2025\/04\/butaca-verdi.jpg\" alt=\"Butaca Verdi\">\r\n            <img decoding=\"async\" src=\"https:\/\/aticoweb.live-website.com\/wp-content\/uploads\/2025\/04\/butaca-louvre.jpg\" alt=\"Butaca Louvre\">\r\n            <img decoding=\"async\" src=\"https:\/\/aticoweb.live-website.com\/wp-content\/uploads\/2025\/04\/butaca-1.jpg\" alt=\"Butaca 1\">\r\n            <img decoding=\"async\" src=\"https:\/\/aticoweb.live-website.com\/wp-content\/uploads\/2025\/04\/butaca-damasco.jpg\" alt=\"Butaca Damasco\">\r\n            <img decoding=\"async\" src=\"https:\/\/aticoweb.live-website.com\/wp-content\/uploads\/2025\/04\/butaca-barco.jpg\" alt=\"Butaca Barco\">\r\n        <\/div>\r\n    <\/div>\r\n<\/body>\r\n<\/html>\r\n\t\t\t\t<\/div>\n\t\t\t\t<\/div>\n\t\t\t\t\t<\/div>\n\t\t\t\t<\/div>\n\t\t\t\t<\/div>\n\t\t","protected":false},"excerpt":{"rendered":"<p>Decoraci\u00f3n &#8211; Butacas Butacas Materiales de primera, confort duradero Dise\u00f1os de estilo contempor\u00e1neo que no pasar\u00e1n desapercibidos Materiales de primera, [&hellip;]<\/p>\n","protected":false},"author":2,"featured_media":0,"parent":5478,"menu_order":0,"comment_status":"closed","ping_status":"closed","template":"elementor_header_footer","meta":{"site-sidebar-layout":"default","site-content-layout":"","ast-site-content-layout":"","site-content-style":"default","site-sidebar-style":"default","ast-global-header-display":"","ast-banner-title-visibility":"","ast-main-header-display":"","ast-hfb-above-header-display":"","ast-hfb-below-header-display":"","ast-hfb-mobile-header-display":"","site-post-title":"","ast-breadcrumbs-content":"","ast-featured-img":"","footer-sml-layout":"","theme-transparent-header-meta":"","adv-header-id-meta":"","stick-header-meta":"","header-above-stick-meta":"","header-main-stick-meta":"","header-below-stick-meta":"","astra-migrate-meta-layouts":"default","ast-page-background-enabled":"default","ast-page-background-meta":{"desktop":{"background-color":"var(--ast-global-color-5)","background-image":"","background-repeat":"repeat","background-position":"center center","background-size":"auto","background-attachment":"scroll","background-type":"","background-media":"","overlay-type":"","overlay-color":"","overlay-opacity":"","overlay-gradient":""},"tablet":{"background-color":"","background-image":"","background-repeat":"repeat","background-position":"center center","background-size":"auto","background-attachment":"scroll","background-type":"","background-media":"","overlay-type":"","overlay-color":"","overlay-opacity":"","overlay-gradient":""},"mobile":{"background-color":"","background-image":"","background-repeat":"repeat","background-position":"center center","background-size":"auto","background-attachment":"scroll","background-type":"","background-media":"","overlay-type":"","overlay-color":"","overlay-opacity":"","overlay-gradient":""}},"ast-content-background-meta":{"desktop":{"background-color":"var(--ast-global-color-4)","background-image":"","background-repeat":"repeat","background-position":"center center","background-size":"auto","background-attachment":"scroll","background-type":"","background-media":"","overlay-type":"","overlay-color":"","overlay-opacity":"","overlay-gradient":""},"tablet":{"background-color":"var(--ast-global-color-4)","background-image":"","background-repeat":"repeat","background-position":"center center","background-size":"auto","background-attachment":"scroll","background-type":"","background-media":"","overlay-type":"","overlay-color":"","overlay-opacity":"","overlay-gradient":""},"mobile":{"background-color":"var(--ast-global-color-4)","background-image":"","background-repeat":"repeat","background-position":"center center","background-size":"auto","background-attachment":"scroll","background-type":"","background-media":"","overlay-type":"","overlay-color":"","overlay-opacity":"","overlay-gradient":""}},"footnotes":""},"class_list":["post-5779","page","type-page","status-publish","hentry"],"aioseo_notices":[],"_links":{"self":[{"href":"https:\/\/aticometal.com\/index.php?rest_route=\/wp\/v2\/pages\/5779","targetHints":{"allow":["GET"]}}],"collection":[{"href":"https:\/\/aticometal.com\/index.php?rest_route=\/wp\/v2\/pages"}],"about":[{"href":"https:\/\/aticometal.com\/index.php?rest_route=\/wp\/v2\/types\/page"}],"author":[{"embeddable":true,"href":"https:\/\/aticometal.com\/index.php?rest_route=\/wp\/v2\/users\/2"}],"replies":[{"embeddable":true,"href":"https:\/\/aticometal.com\/index.php?rest_route=%2Fwp%2Fv2%2Fcomments&post=5779"}],"version-history":[{"count":3,"href":"https:\/\/aticometal.com\/index.php?rest_route=\/wp\/v2\/pages\/5779\/revisions"}],"predecessor-version":[{"id":6469,"href":"https:\/\/aticometal.com\/index.php?rest_route=\/wp\/v2\/pages\/5779\/revisions\/6469"}],"up":[{"embeddable":true,"href":"https:\/\/aticometal.com\/index.php?rest_route=\/wp\/v2\/pages\/5478"}],"wp:attachment":[{"href":"https:\/\/aticometal.com\/index.php?rest_route=%2Fwp%2Fv2%2Fmedia&parent=5779"}],"curies":[{"name":"wp","href":"https:\/\/api.w.org\/{rel}","templated":true}]}}