{"id":5859,"date":"2017-04-27T11:36:41","date_gmt":"2017-04-27T11:36:41","guid":{"rendered":"http:\/\/aticometal.com\/?page_id=5859"},"modified":"2025-04-11T09:43:12","modified_gmt":"2025-04-11T07:43:12","slug":"rejas-de-seguridad","status":"publish","type":"page","link":"https:\/\/aticometal.com\/?page_id=5859","title":{"rendered":"Rejas de seguridad"},"content":{"rendered":"\t\t<div data-elementor-type=\"wp-page\" data-elementor-id=\"5859\" class=\"elementor elementor-5859\">\n\t\t\t\t<div class=\"elementor-element elementor-element-03cda11 e-flex e-con-boxed e-con e-parent\" data-id=\"03cda11\" data-element_type=\"container\">\n\t\t\t\t\t<div class=\"e-con-inner\">\n\t\t\t\t<div class=\"elementor-element elementor-element-2fb25ca elementor-widget elementor-widget-html\" data-id=\"2fb25ca\" data-element_type=\"widget\" data-widget_type=\"html.default\">\n\t\t\t\t<div class=\"elementor-widget-container\">\n\t\t\t\t\t<!DOCTYPE html>\r\n<html lang=\"es\">\r\n<head>\r\n    <meta charset=\"UTF-8\">\r\n    <meta name=\"viewport\" content=\"width=device-width, initial-scale=1.0\">\r\n    <title>Rejas de Seguridad<\/title>\r\n    <style>\r\n        body {\r\n            margin: 0;\r\n            font-family: Arial, sans-serif;\r\n            background-color: #f5f5f5;\r\n            color: #222;\r\n        }\r\n\r\n        \/* Cabecera *\/\r\n        .header {\r\n            position: relative;\r\n            text-align: center;\r\n            color: #ffffff;\r\n        }\r\n\r\n        .header img {\r\n            width: 100%;\r\n            height: 400px;\r\n            object-fit: cover;\r\n        }\r\n\r\n        .header .overlay {\r\n            position: absolute;\r\n            top: 0;\r\n            left: 0;\r\n            width: 100%;\r\n            height: 100%;\r\n            background: linear-gradient(to bottom, rgba(34, 34, 34, 0.5), rgba(34, 34, 34, 1));\r\n        }\r\n\r\n        .header .title {\r\n            position: absolute;\r\n            top: 50%;\r\n            left: 50%;\r\n            transform: translate(-50%, -50%);\r\n            z-index: 2;\r\n            text-align: center;\r\n        }\r\n\r\n        .header .title h1 {\r\n            font-size: 2.5rem;\r\n            color: #fcb900;\r\n            margin: 0;\r\n        }\r\n\r\n        .header .title p {\r\n            font-size: 1.2rem;\r\n            margin-top: 10px;\r\n        }\r\n\r\n        \/* Contenedor informativo *\/\r\n        .info-container {\r\n            max-width: 1200px;\r\n            margin: 40px auto;\r\n            padding: 2% 20px;\r\n            background-color: #f5f5f5;\r\n            text-align: center;\r\n            color: #222;\r\n        }\r\n\r\n        .info-container h2 {\r\n            font-size: 2rem;\r\n            color: #222;\r\n            margin-bottom: 20px;\r\n        }\r\n\r\n        .info-container h3 {\r\n            font-size: 1.5rem;\r\n            color: #888;\r\n            margin-bottom: 40px;\r\n        }\r\n\r\n        .info-container p {\r\n            font-size: 1rem;\r\n            line-height: 1.8;\r\n            text-align: justify;\r\n            margin-bottom: 20px;\r\n            color: #666;\r\n        }\r\n\r\n        \/* Galer\u00eda de im\u00e1genes *\/\r\n        .gallery {\r\n            max-width: 1200px;\r\n            margin: 40px auto;\r\n            display: grid;\r\n            grid-template-columns: repeat(3, 1fr);\r\n            gap: 20px;\r\n        }\r\n\r\n        .gallery img {\r\n            width: 100%;\r\n            border-radius: 15px;\r\n            box-shadow: 0 4px 8px rgba(0, 0, 0, 0.2);\r\n            transition: transform 0.3s ease;\r\n        }\r\n\r\n        .gallery img:hover {\r\n            transform: scale(1.05);\r\n        }\r\n    <\/style>\r\n<\/head>\r\n<body>\r\n    <!-- Cabecera -->\r\n    <div class=\"header\">\r\n        <img decoding=\"async\" src=\"https:\/\/aticoweb.live-website.com\/wp-content\/uploads\/2025\/04\/reja-de-seguridad-6.jpg\" alt=\"Cabecera Rejas de Seguridad\">\r\n        <div class=\"overlay\"><\/div>\r\n        <div class=\"title\">\r\n            <h1>Rejas de Seguridad<\/h1>\r\n            <p>Fabricadas s\u00f3lo con materiales de la m\u00e1s alta calidad<\/p>\r\n        <\/div>\r\n    <\/div>\r\n\r\n    <!-- Contenedor informativo -->\r\n    <div class=\"info-container\">\r\n        <h2>Rejas de seguridad fabricadas s\u00f3lo con materiales de la m\u00e1s alta calidad<\/h2>\r\n        <h3>Realizamos nuestros trabajos a medida para que el resultado sea perfecto<\/h3>\r\n        <p>\r\n            Fabricamos rejas de seguridad a medida para recintos, ventanas, balcones o puertas utilizando materiales de la m\u00e1s alta calidad: acero inoxidable, acero al carbono y acero Cor-ten. Instalamos nuestros productos para asegurarnos que el resultado supera sus expectativas. P\u00eddanos presupuesto sin compromiso y se sorprender\u00e1 del precio de nuestros productos.\r\n        <\/p>\r\n    <\/div>\r\n\r\n    <!-- Galer\u00eda de im\u00e1genes -->\r\n    <div class=\"gallery\">\r\n        <img decoding=\"async\" src=\"https:\/\/aticoweb.live-website.com\/wp-content\/uploads\/2025\/04\/reja-de-seguridad-1.jpg\" alt=\"Reja de Seguridad 1\">\r\n        <img decoding=\"async\" src=\"https:\/\/aticoweb.live-website.com\/wp-content\/uploads\/2025\/04\/reja-de-seguridad-2.jpg\" alt=\"Reja de Seguridad 2\">\r\n        <img decoding=\"async\" src=\"https:\/\/aticoweb.live-website.com\/wp-content\/uploads\/2025\/04\/reja-de-seguridad-3.jpg\" alt=\"Reja de Seguridad 3\">\r\n        <img decoding=\"async\" src=\"https:\/\/aticoweb.live-website.com\/wp-content\/uploads\/2025\/04\/reja-de-seguridad-4.jpg\" alt=\"Reja de Seguridad 4\">\r\n        <img decoding=\"async\" src=\"https:\/\/aticoweb.live-website.com\/wp-content\/uploads\/2025\/04\/reja-de-seguridad-5.jpg\" alt=\"Reja de Seguridad 5\">\r\n        <img decoding=\"async\" src=\"https:\/\/aticoweb.live-website.com\/wp-content\/uploads\/2025\/04\/reja-de-seguridad-6.jpg\" alt=\"Reja de Seguridad 6\">\r\n    <\/div>\r\n<\/body>\r\n<\/html>\r\n\t\t\t\t<\/div>\n\t\t\t\t<\/div>\n\t\t\t\t\t<\/div>\n\t\t\t\t<\/div>\n\t\t\t\t<\/div>\n\t\t","protected":false},"excerpt":{"rendered":"<p>Rejas de Seguridad Rejas de Seguridad Fabricadas s\u00f3lo con materiales de la m\u00e1s alta calidad Rejas de seguridad fabricadas s\u00f3lo [&hellip;]<\/p>\n","protected":false},"author":2,"featured_media":0,"parent":5443,"menu_order":0,"comment_status":"closed","ping_status":"closed","template":"elementor_header_footer","meta":{"site-sidebar-layout":"default","site-content-layout":"","ast-site-content-layout":"","site-content-style":"default","site-sidebar-style":"default","ast-global-header-display":"","ast-banner-title-visibility":"","ast-main-header-display":"","ast-hfb-above-header-display":"","ast-hfb-below-header-display":"","ast-hfb-mobile-header-display":"","site-post-title":"","ast-breadcrumbs-content":"","ast-featured-img":"","footer-sml-layout":"","theme-transparent-header-meta":"","adv-header-id-meta":"","stick-header-meta":"","header-above-stick-meta":"","header-main-stick-meta":"","header-below-stick-meta":"","astra-migrate-meta-layouts":"default","ast-page-background-enabled":"default","ast-page-background-meta":{"desktop":{"background-color":"var(--ast-global-color-5)","background-image":"","background-repeat":"repeat","background-position":"center center","background-size":"auto","background-attachment":"scroll","background-type":"","background-media":"","overlay-type":"","overlay-color":"","overlay-opacity":"","overlay-gradient":""},"tablet":{"background-color":"","background-image":"","background-repeat":"repeat","background-position":"center center","background-size":"auto","background-attachment":"scroll","background-type":"","background-media":"","overlay-type":"","overlay-color":"","overlay-opacity":"","overlay-gradient":""},"mobile":{"background-color":"","background-image":"","background-repeat":"repeat","background-position":"center center","background-size":"auto","background-attachment":"scroll","background-type":"","background-media":"","overlay-type":"","overlay-color":"","overlay-opacity":"","overlay-gradient":""}},"ast-content-background-meta":{"desktop":{"background-color":"var(--ast-global-color-4)","background-image":"","background-repeat":"repeat","background-position":"center center","background-size":"auto","background-attachment":"scroll","background-type":"","background-media":"","overlay-type":"","overlay-color":"","overlay-opacity":"","overlay-gradient":""},"tablet":{"background-color":"var(--ast-global-color-4)","background-image":"","background-repeat":"repeat","background-position":"center center","background-size":"auto","background-attachment":"scroll","background-type":"","background-media":"","overlay-type":"","overlay-color":"","overlay-opacity":"","overlay-gradient":""},"mobile":{"background-color":"var(--ast-global-color-4)","background-image":"","background-repeat":"repeat","background-position":"center center","background-size":"auto","background-attachment":"scroll","background-type":"","background-media":"","overlay-type":"","overlay-color":"","overlay-opacity":"","overlay-gradient":""}},"footnotes":""},"class_list":["post-5859","page","type-page","status-publish","hentry"],"aioseo_notices":[],"_links":{"self":[{"href":"https:\/\/aticometal.com\/index.php?rest_route=\/wp\/v2\/pages\/5859","targetHints":{"allow":["GET"]}}],"collection":[{"href":"https:\/\/aticometal.com\/index.php?rest_route=\/wp\/v2\/pages"}],"about":[{"href":"https:\/\/aticometal.com\/index.php?rest_route=\/wp\/v2\/types\/page"}],"author":[{"embeddable":true,"href":"https:\/\/aticometal.com\/index.php?rest_route=\/wp\/v2\/users\/2"}],"replies":[{"embeddable":true,"href":"https:\/\/aticometal.com\/index.php?rest_route=%2Fwp%2Fv2%2Fcomments&post=5859"}],"version-history":[{"count":3,"href":"https:\/\/aticometal.com\/index.php?rest_route=\/wp\/v2\/pages\/5859\/revisions"}],"predecessor-version":[{"id":6746,"href":"https:\/\/aticometal.com\/index.php?rest_route=\/wp\/v2\/pages\/5859\/revisions\/6746"}],"up":[{"embeddable":true,"href":"https:\/\/aticometal.com\/index.php?rest_route=\/wp\/v2\/pages\/5443"}],"wp:attachment":[{"href":"https:\/\/aticometal.com\/index.php?rest_route=%2Fwp%2Fv2%2Fmedia&parent=5859"}],"curies":[{"name":"wp","href":"https:\/\/api.w.org\/{rel}","templated":true}]}}