{"id":5911,"date":"2017-04-27T14:20:04","date_gmt":"2017-04-27T14:20:04","guid":{"rendered":"http:\/\/aticometal.com\/?page_id=5911"},"modified":"2025-04-11T09:31:13","modified_gmt":"2025-04-11T07:31:13","slug":"puertas-y-portones","status":"publish","type":"page","link":"https:\/\/aticometal.com\/?page_id=5911","title":{"rendered":"Puertas y portones"},"content":{"rendered":"\t\t<div data-elementor-type=\"wp-page\" data-elementor-id=\"5911\" class=\"elementor elementor-5911\">\n\t\t\t\t<div class=\"elementor-element elementor-element-9ee5450 e-flex e-con-boxed e-con e-parent\" data-id=\"9ee5450\" data-element_type=\"container\">\n\t\t\t\t\t<div class=\"e-con-inner\">\n\t\t\t\t<div class=\"elementor-element elementor-element-bfd3704 elementor-widget elementor-widget-html\" data-id=\"bfd3704\" data-element_type=\"widget\" data-widget_type=\"html.default\">\n\t\t\t\t<div class=\"elementor-widget-container\">\n\t\t\t\t\t<!DOCTYPE html>\r\n<html lang=\"es\">\r\n<head>\r\n    <meta charset=\"UTF-8\">\r\n    <meta name=\"viewport\" content=\"width=device-width, initial-scale=1.0\">\r\n    <title>Puertas y Portones<\/title>\r\n    <style>\r\n        body {\r\n            margin: 0;\r\n            font-family: \"Raleway\", sans-serif;\r\n            background-color: #f5f5f5;\r\n            color: #222;\r\n        }\r\n\r\n        \/* Cabecera *\/\r\n        .header {\r\n            position: relative;\r\n            text-align: center;\r\n            color: #ffffff;\r\n        }\r\n\r\n        .header img {\r\n            width: 100%;\r\n            height: 400px;\r\n            object-fit: cover;\r\n        }\r\n\r\n        .header .overlay {\r\n            position: absolute;\r\n            top: 0;\r\n            left: 0;\r\n            width: 100%;\r\n            height: 100%;\r\n            background: linear-gradient(to bottom, rgba(34, 34, 34, 0.5), rgba(34, 34, 34, 1));\r\n        }\r\n\r\n        .header .title {\r\n            position: absolute;\r\n            top: 50%;\r\n            left: 50%;\r\n            transform: translate(-50%, -50%);\r\n            z-index: 2;\r\n            text-align: center;\r\n        }\r\n\r\n        .header .title h1 {\r\n            font-size: 2.5rem;\r\n            color: #fcb900;\r\n            margin: 0;\r\n        }\r\n\r\n        .header .title p {\r\n            font-size: 1.2rem;\r\n            margin-top: 10px;\r\n        }\r\n\r\n        \/* Contenedor informativo *\/\r\n        .info-container {\r\n            max-width: 1200px;\r\n            margin: 40px auto;\r\n            padding: 2% 20px;\r\n            background-color: #f5f5f5;\r\n            text-align: center;\r\n            color: #222;\r\n        }\r\n\r\n        .info-container h2 {\r\n            font-size: 2rem;\r\n            color: #222;\r\n            margin-bottom: 20px;\r\n        }\r\n\r\n        .info-container h3 {\r\n            font-size: 1.5rem;\r\n            color: #888;\r\n            margin-bottom: 40px;\r\n        }\r\n\r\n        .info-container p {\r\n            font-size: 1rem;\r\n            line-height: 1.8;\r\n            text-align: justify;\r\n            margin-bottom: 20px;\r\n            color: #666;\r\n        }\r\n\r\n        \/* Tablero de im\u00e1genes *\/\r\n        .tabs {\r\n            max-width: 1200px;\r\n            margin: 40px auto;\r\n            padding: 0 20px;\r\n        }\r\n\r\n        .tab-buttons {\r\n            display: flex;\r\n            justify-content: center;\r\n            margin-bottom: 20px;\r\n        }\r\n\r\n        .tab-buttons button {\r\n            padding: 10px 20px;\r\n            margin: 0 5px;\r\n            font-size: 1rem;\r\n            color: #222;\r\n            background-color: #fff;\r\n            border: 1px solid #ccc;\r\n            border-radius: 5px;\r\n            cursor: pointer;\r\n            transition: background-color 0.3s, color 0.3s;\r\n        }\r\n\r\n        .tab-buttons button.active {\r\n            background-color: #fcb900;\r\n            color: #fff;\r\n            border-color: #fcb900;\r\n        }\r\n\r\n        .tab-buttons button:hover {\r\n            background-color: #fcb900;\r\n            color: #fff;\r\n        }\r\n\r\n        .tab-content {\r\n            display: none;\r\n        }\r\n\r\n        .tab-content.active {\r\n            display: grid;\r\n            grid-template-columns: repeat(2, 1fr);\r\n            gap: 20px;\r\n        }\r\n\r\n        .tab-content img {\r\n            width: 100%;\r\n            border-radius: 15px;\r\n            box-shadow: 0 4px 8px rgba(0, 0, 0, 0.2);\r\n            transition: transform 0.3s ease;\r\n        }\r\n\r\n        .tab-content img:hover {\r\n            transform: scale(1.05);\r\n        }\r\n    <\/style>\r\n<\/head>\r\n<body>\r\n    <!-- Cabecera -->\r\n    <div class=\"header\">\r\n        <img decoding=\"async\" src=\"https:\/\/aticoweb.live-website.com\/wp-content\/uploads\/2025\/04\/puerta-acero-carbono-2.jpg\" alt=\"Cabecera Puertas y Portones\">\r\n        <div class=\"overlay\"><\/div>\r\n        <div class=\"title\">\r\n            <h1>Puertas y Portones<\/h1>\r\n            <p>Con garant\u00eda de calidad ISO y marcado CE<\/p>\r\n        <\/div>\r\n    <\/div>\r\n\r\n    <!-- Contenedor informativo -->\r\n    <div class=\"info-container\">\r\n        <h2>Puertas y portones con garant\u00eda de calidad<\/h2>\r\n        <h3>Nuestras estructuras met\u00e1licas cuentan con el aval que supone estar en posesi\u00f3n del sello de calidad ISO 9001 y el marcado CE.<\/h3>\r\n        <p>\r\n            Fabricamos puertas para garajes y aparcamientos, abatibles, de corredera, autom\u00e1ticas, persianas enrollables para establecimientos comerciales, puertas para naves industriales, recintos o viviendas privadas. Tenemos a tu disposici\u00f3n un amplio cat\u00e1logo de puertas para domicilios, oficinas o colegios fabricadas con materiales vers\u00e1tiles y duraderos. Si tienes cualquier duda, ponte en contacto con nosotros, nuestro equipo estar\u00e1 encantado de facilitarte toda la informaci\u00f3n que necesites.\r\n        <\/p>\r\n    <\/div>\r\n\r\n    <!-- Sistema de pesta\u00f1as -->\r\n    <div class=\"tabs\">\r\n        <!-- Botones de pesta\u00f1as -->\r\n        <div class=\"tab-buttons\">\r\n            <button class=\"active\" data-tab=\"portones\">Portones<\/button>\r\n            <button data-tab=\"puertas\">Puertas<\/button>\r\n        <\/div>\r\n\r\n       \r\n               <!-- Contenido de Portones -->\r\n        <div class=\"tab-content active\" id=\"portones\">\r\n            <img decoding=\"async\" src=\"https:\/\/aticoweb.live-website.com\/wp-content\/uploads\/2025\/04\/porton-acero-abatible.jpg\" alt=\"Port\u00f3n Acero Abatible\">\r\n            <img decoding=\"async\" src=\"https:\/\/aticoweb.live-website.com\/wp-content\/uploads\/2025\/04\/puerta-acero-carbono-1.jpg\" alt=\"Puerta Acero al Carbono 1\">\r\n            <img decoding=\"async\" src=\"https:\/\/aticoweb.live-website.com\/wp-content\/uploads\/2025\/04\/puerta-acero-carbono-2.jpg\" alt=\"Puerta Acero al Carbono 2\">\r\n            <img decoding=\"async\" src=\"https:\/\/aticoweb.live-website.com\/wp-content\/uploads\/2025\/04\/puerta-chapa-calada.jpg\" alt=\"Puerta Chapa Calada\">\r\n            <img decoding=\"async\" src=\"https:\/\/aticoweb.live-website.com\/wp-content\/uploads\/2025\/04\/puerta-nave-industrial.jpg\" alt=\"Puerta Nave Industrial\">\r\n            <img decoding=\"async\" src=\"https:\/\/aticoweb.live-website.com\/wp-content\/uploads\/2025\/04\/puerta-paneles-composite.jpg\" alt=\"Puerta Paneles Composite\">\r\n        <\/div>\r\n\r\n        <!-- Contenido de Puertas -->\r\n        <div class=\"tab-content\" id=\"puertas\">\r\n            <img decoding=\"async\" src=\"https:\/\/aticoweb.live-website.com\/wp-content\/uploads\/2025\/04\/puerta-1.jpg\" alt=\"Puerta 1\">\r\n            <img decoding=\"async\" src=\"https:\/\/aticoweb.live-website.com\/wp-content\/uploads\/2025\/04\/puerta-2.jpg\" alt=\"Puerta 2\">\r\n            <img decoding=\"async\" src=\"https:\/\/aticoweb.live-website.com\/wp-content\/uploads\/2025\/04\/puerta-3.jpg\" alt=\"Puerta 3\">\r\n            <img decoding=\"async\" src=\"https:\/\/aticoweb.live-website.com\/wp-content\/uploads\/2025\/04\/puerta-4.jpg\" alt=\"Puerta 4\">\r\n            <img decoding=\"async\" src=\"https:\/\/aticoweb.live-website.com\/wp-content\/uploads\/2025\/04\/puerta-5.jpg\" alt=\"Puerta 5\">\r\n            <img decoding=\"async\" src=\"https:\/\/aticoweb.live-website.com\/wp-content\/uploads\/2025\/04\/puerta-6.jpg\" alt=\"Puerta 6\">\r\n        <\/div>\r\n\r\n    <\/div>\r\n\r\n    <script>\r\n        const buttons = document.querySelectorAll('.tab-buttons button');\r\n        const contents = document.querySelectorAll('.tab-content');\r\n\r\n        buttons.forEach(button => {\r\n            button.addEventListener('click', () => {\r\n                buttons.forEach(btn => btn.classList.remove('active'));\r\n                contents.forEach(content => content.classList.remove('active'));\r\n\r\n                button.classList.add('active');\r\n                document.getElementById(button.dataset.tab).classList.add('active');\r\n            });\r\n        });\r\n    <\/script>\r\n<\/body>\r\n<\/html>\r\n\t\t\t\t<\/div>\n\t\t\t\t<\/div>\n\t\t\t\t\t<\/div>\n\t\t\t\t<\/div>\n\t\t\t\t<\/div>\n\t\t","protected":false},"excerpt":{"rendered":"<p>Puertas y Portones Puertas y Portones Con garant\u00eda de calidad ISO y marcado CE Puertas y portones con garant\u00eda de [&hellip;]<\/p>\n","protected":false},"author":2,"featured_media":0,"parent":5443,"menu_order":0,"comment_status":"closed","ping_status":"closed","template":"elementor_header_footer","meta":{"site-sidebar-layout":"default","site-content-layout":"","ast-site-content-layout":"","site-content-style":"default","site-sidebar-style":"default","ast-global-header-display":"","ast-banner-title-visibility":"","ast-main-header-display":"","ast-hfb-above-header-display":"","ast-hfb-below-header-display":"","ast-hfb-mobile-header-display":"","site-post-title":"","ast-breadcrumbs-content":"","ast-featured-img":"","footer-sml-layout":"","theme-transparent-header-meta":"","adv-header-id-meta":"","stick-header-meta":"","header-above-stick-meta":"","header-main-stick-meta":"","header-below-stick-meta":"","astra-migrate-meta-layouts":"default","ast-page-background-enabled":"default","ast-page-background-meta":{"desktop":{"background-color":"var(--ast-global-color-5)","background-image":"","background-repeat":"repeat","background-position":"center center","background-size":"auto","background-attachment":"scroll","background-type":"","background-media":"","overlay-type":"","overlay-color":"","overlay-opacity":"","overlay-gradient":""},"tablet":{"background-color":"","background-image":"","background-repeat":"repeat","background-position":"center center","background-size":"auto","background-attachment":"scroll","background-type":"","background-media":"","overlay-type":"","overlay-color":"","overlay-opacity":"","overlay-gradient":""},"mobile":{"background-color":"","background-image":"","background-repeat":"repeat","background-position":"center center","background-size":"auto","background-attachment":"scroll","background-type":"","background-media":"","overlay-type":"","overlay-color":"","overlay-opacity":"","overlay-gradient":""}},"ast-content-background-meta":{"desktop":{"background-color":"var(--ast-global-color-4)","background-image":"","background-repeat":"repeat","background-position":"center center","background-size":"auto","background-attachment":"scroll","background-type":"","background-media":"","overlay-type":"","overlay-color":"","overlay-opacity":"","overlay-gradient":""},"tablet":{"background-color":"var(--ast-global-color-4)","background-image":"","background-repeat":"repeat","background-position":"center center","background-size":"auto","background-attachment":"scroll","background-type":"","background-media":"","overlay-type":"","overlay-color":"","overlay-opacity":"","overlay-gradient":""},"mobile":{"background-color":"var(--ast-global-color-4)","background-image":"","background-repeat":"repeat","background-position":"center center","background-size":"auto","background-attachment":"scroll","background-type":"","background-media":"","overlay-type":"","overlay-color":"","overlay-opacity":"","overlay-gradient":""}},"footnotes":""},"class_list":["post-5911","page","type-page","status-publish","hentry"],"aioseo_notices":[],"_links":{"self":[{"href":"https:\/\/aticometal.com\/index.php?rest_route=\/wp\/v2\/pages\/5911","targetHints":{"allow":["GET"]}}],"collection":[{"href":"https:\/\/aticometal.com\/index.php?rest_route=\/wp\/v2\/pages"}],"about":[{"href":"https:\/\/aticometal.com\/index.php?rest_route=\/wp\/v2\/types\/page"}],"author":[{"embeddable":true,"href":"https:\/\/aticometal.com\/index.php?rest_route=\/wp\/v2\/users\/2"}],"replies":[{"embeddable":true,"href":"https:\/\/aticometal.com\/index.php?rest_route=%2Fwp%2Fv2%2Fcomments&post=5911"}],"version-history":[{"count":9,"href":"https:\/\/aticometal.com\/index.php?rest_route=\/wp\/v2\/pages\/5911\/revisions"}],"predecessor-version":[{"id":6718,"href":"https:\/\/aticometal.com\/index.php?rest_route=\/wp\/v2\/pages\/5911\/revisions\/6718"}],"up":[{"embeddable":true,"href":"https:\/\/aticometal.com\/index.php?rest_route=\/wp\/v2\/pages\/5443"}],"wp:attachment":[{"href":"https:\/\/aticometal.com\/index.php?rest_route=%2Fwp%2Fv2%2Fmedia&parent=5911"}],"curies":[{"name":"wp","href":"https:\/\/api.w.org\/{rel}","templated":true}]}}