{"id":6031,"date":"2017-04-28T11:13:01","date_gmt":"2017-04-28T11:13:01","guid":{"rendered":"http:\/\/aticometal.com\/?page_id=6031"},"modified":"2025-04-10T12:42:21","modified_gmt":"2025-04-10T10:42:21","slug":"camas","status":"publish","type":"page","link":"https:\/\/aticometal.com\/?page_id=6031","title":{"rendered":"Camas"},"content":{"rendered":"\t\t<div data-elementor-type=\"wp-page\" data-elementor-id=\"6031\" class=\"elementor elementor-6031\">\n\t\t\t\t<div class=\"elementor-element elementor-element-dba7246 e-flex e-con-boxed e-con e-parent\" data-id=\"dba7246\" data-element_type=\"container\">\n\t\t\t\t\t<div class=\"e-con-inner\">\n\t\t\t\t<div class=\"elementor-element elementor-element-bcbeab7 elementor-widget elementor-widget-html\" data-id=\"bcbeab7\" data-element_type=\"widget\" data-widget_type=\"html.default\">\n\t\t\t\t<div class=\"elementor-widget-container\">\n\t\t\t\t\t<!DOCTYPE html>\r\n<html lang=\"es\">\r\n<head>\r\n    <meta charset=\"UTF-8\">\r\n    <meta name=\"viewport\" content=\"width=device-width, initial-scale=1.0\">\r\n    <title>Decoraci\u00f3n - Camas<\/title>\r\n    <style>\r\n        body {\r\n            margin: 0;\r\n            font-family: Arial, sans-serif;\r\n            background-color: #f5f5f5;\r\n            color: #222;\r\n        }\r\n\r\n        \/* Cabecera *\/\r\n        .header {\r\n            position: relative;\r\n            text-align: center;\r\n            color: #ffffff;\r\n        }\r\n\r\n        .header img {\r\n            width: 100%;\r\n            height: 400px;\r\n            object-fit: cover;\r\n        }\r\n\r\n        .header .overlay {\r\n            position: absolute;\r\n            top: 0;\r\n            left: 0;\r\n            width: 100%;\r\n            height: 100%;\r\n            background: linear-gradient(to bottom, rgba(34, 34, 34, 0.5), rgba(34, 34, 34, 1));\r\n        }\r\n\r\n        .header .title {\r\n            position: absolute;\r\n            top: 50%;\r\n            left: 50%;\r\n            transform: translate(-50%, -50%);\r\n            z-index: 2;\r\n            text-align: center;\r\n        }\r\n\r\n        .header .title h1 {\r\n            font-size: 2.5rem;\r\n            color: #fcb900;\r\n            margin: 0;\r\n        }\r\n\r\n        .header .title p {\r\n            font-size: 1.2rem;\r\n            margin-top: 10px;\r\n        }\r\n\r\n        \/* Bloque principal *\/\r\n        .section {\r\n            max-width: 1200px;\r\n            margin: 20px auto;\r\n            padding: 20px;\r\n            background: #ffffff;\r\n            box-shadow: 0 4px 8px rgba(0, 0, 0, 0.2);\r\n            border-radius: 15px;\r\n            text-align: center;\r\n        }\r\n\r\n        .section img {\r\n            width: 100%;\r\n            max-width: 800px;\r\n            border-radius: 15px;\r\n            box-shadow: 0 4px 6px rgba(0, 0, 0, 0.3);\r\n            margin-bottom: 20px;\r\n        }\r\n\r\n        .section h2 {\r\n            font-size: 2rem;\r\n            color: #222;\r\n            margin-bottom: 20px;\r\n        }\r\n\r\n        .section h3 {\r\n            font-size: 1.5rem;\r\n            color: #fcb900;\r\n            margin-bottom: 20px;\r\n        }\r\n\r\n        .section p {\r\n            font-size: 1rem;\r\n            line-height: 1.8;\r\n            color: #666;\r\n            text-align: justify;\r\n            margin-bottom: 20px;\r\n        }\r\n\r\n        .section b {\r\n            color: #222;\r\n            font-weight: bold;\r\n        }\r\n    <\/style>\r\n<\/head>\r\n<body>\r\n    <!-- Cabecera -->\r\n    <div class=\"header\">\r\n        <img decoding=\"async\" src=\"https:\/\/aticoweb.live-website.com\/wp-content\/uploads\/2025\/04\/cama-baltus-serven.jpg\" alt=\"Cabecera Camas\">\r\n        <div class=\"overlay\"><\/div>\r\n        <div class=\"title\">\r\n            <h1>Camas<\/h1>\r\n            <p>Camas de ensue\u00f1o para durmientes exigente<\/p>\r\n        <\/div>\r\n    <\/div>\r\n\r\n    <!-- Bloque informativo -->\r\n    <div class=\"section\">\r\n        \r\n        <h2>Dise\u00f1o, calidad y confort<\/h2>\r\n        <h3>Modelos que inspiran a un precio que enamora<\/h3>\r\n        <p>\r\n            Si est\u00e1s buscando una cama de ensue\u00f1o como la que te presentamos aqu\u00ed, no dudes en contactar con nosotros para conocer todos los modelos disponibles. Dise\u00f1os exclusivos, acabados impecables, materiales duraderos y a un precio excepcional.\r\n        <\/p>\r\n        <p>\r\n            <b>\u00danicamente trabajamos las estructuras met\u00e1licas que dan soporte al mueble, en ning\u00fan caso trabajamos carpinter\u00eda de madera o tapicer\u00eda.<\/b>\r\n        <\/p><br>\r\n        <img decoding=\"async\" src=\"https:\/\/aticoweb.live-website.com\/wp-content\/uploads\/2025\/04\/cama-baltus-serven.jpg\" alt=\"Cama Baltus Serven\">\r\n    <\/div>\r\n<\/body>\r\n<\/html>\r\n\t\t\t\t<\/div>\n\t\t\t\t<\/div>\n\t\t\t\t\t<\/div>\n\t\t\t\t<\/div>\n\t\t\t\t<\/div>\n\t\t","protected":false},"excerpt":{"rendered":"<p>Decoraci\u00f3n &#8211; Camas Camas Camas de ensue\u00f1o para durmientes exigente Dise\u00f1o, calidad y confort Modelos que inspiran a un precio [&hellip;]<\/p>\n","protected":false},"author":2,"featured_media":0,"parent":5478,"menu_order":0,"comment_status":"closed","ping_status":"closed","template":"elementor_header_footer","meta":{"site-sidebar-layout":"default","site-content-layout":"","ast-site-content-layout":"","site-content-style":"default","site-sidebar-style":"default","ast-global-header-display":"","ast-banner-title-visibility":"","ast-main-header-display":"","ast-hfb-above-header-display":"","ast-hfb-below-header-display":"","ast-hfb-mobile-header-display":"","site-post-title":"","ast-breadcrumbs-content":"","ast-featured-img":"","footer-sml-layout":"","theme-transparent-header-meta":"","adv-header-id-meta":"","stick-header-meta":"","header-above-stick-meta":"","header-main-stick-meta":"","header-below-stick-meta":"","astra-migrate-meta-layouts":"default","ast-page-background-enabled":"default","ast-page-background-meta":{"desktop":{"background-color":"var(--ast-global-color-5)","background-image":"","background-repeat":"repeat","background-position":"center center","background-size":"auto","background-attachment":"scroll","background-type":"","background-media":"","overlay-type":"","overlay-color":"","overlay-opacity":"","overlay-gradient":""},"tablet":{"background-color":"","background-image":"","background-repeat":"repeat","background-position":"center center","background-size":"auto","background-attachment":"scroll","background-type":"","background-media":"","overlay-type":"","overlay-color":"","overlay-opacity":"","overlay-gradient":""},"mobile":{"background-color":"","background-image":"","background-repeat":"repeat","background-position":"center center","background-size":"auto","background-attachment":"scroll","background-type":"","background-media":"","overlay-type":"","overlay-color":"","overlay-opacity":"","overlay-gradient":""}},"ast-content-background-meta":{"desktop":{"background-color":"var(--ast-global-color-4)","background-image":"","background-repeat":"repeat","background-position":"center center","background-size":"auto","background-attachment":"scroll","background-type":"","background-media":"","overlay-type":"","overlay-color":"","overlay-opacity":"","overlay-gradient":""},"tablet":{"background-color":"var(--ast-global-color-4)","background-image":"","background-repeat":"repeat","background-position":"center center","background-size":"auto","background-attachment":"scroll","background-type":"","background-media":"","overlay-type":"","overlay-color":"","overlay-opacity":"","overlay-gradient":""},"mobile":{"background-color":"var(--ast-global-color-4)","background-image":"","background-repeat":"repeat","background-position":"center center","background-size":"auto","background-attachment":"scroll","background-type":"","background-media":"","overlay-type":"","overlay-color":"","overlay-opacity":"","overlay-gradient":""}},"footnotes":""},"class_list":["post-6031","page","type-page","status-publish","hentry"],"aioseo_notices":[],"_links":{"self":[{"href":"https:\/\/aticometal.com\/index.php?rest_route=\/wp\/v2\/pages\/6031","targetHints":{"allow":["GET"]}}],"collection":[{"href":"https:\/\/aticometal.com\/index.php?rest_route=\/wp\/v2\/pages"}],"about":[{"href":"https:\/\/aticometal.com\/index.php?rest_route=\/wp\/v2\/types\/page"}],"author":[{"embeddable":true,"href":"https:\/\/aticometal.com\/index.php?rest_route=\/wp\/v2\/users\/2"}],"replies":[{"embeddable":true,"href":"https:\/\/aticometal.com\/index.php?rest_route=%2Fwp%2Fv2%2Fcomments&post=6031"}],"version-history":[{"count":9,"href":"https:\/\/aticometal.com\/index.php?rest_route=\/wp\/v2\/pages\/6031\/revisions"}],"predecessor-version":[{"id":6455,"href":"https:\/\/aticometal.com\/index.php?rest_route=\/wp\/v2\/pages\/6031\/revisions\/6455"}],"up":[{"embeddable":true,"href":"https:\/\/aticometal.com\/index.php?rest_route=\/wp\/v2\/pages\/5478"}],"wp:attachment":[{"href":"https:\/\/aticometal.com\/index.php?rest_route=%2Fwp%2Fv2%2Fmedia&parent=6031"}],"curies":[{"name":"wp","href":"https:\/\/api.w.org\/{rel}","templated":true}]}}